{"id":57890,"date":"2022-12-09T14:09:14","date_gmt":"2022-12-09T12:09:14","guid":{"rendered":"https:\/\/noblewine.lv\/?post_type=product&#038;p=57890"},"modified":"2024-05-16T22:23:19","modified_gmt":"2024-05-16T19:23:19","slug":"bourgogne-2021","status":"publish","type":"product","link":"https:\/\/nwold.test.decotec.lv\/ru\/catalog\/vino\/bourgogne-2021\/","title":{"rendered":"Bourgogne 2021"},"content":{"rendered":"","protected":false},"excerpt":{"rendered":"<p>&#8220;Arom\u0101t\u0101 j\u016btamas balto ziedu, citrusu, negatava za\u013c\u0101 \u0101bola un mitra kr\u012bta notis. Gar\u0161\u0101 v\u012bns ir sauss, miner\u0101ls, sul\u012bgs, svaigumu ar izteiktu intensit\u0101ti un ilgu p\u0113cgar\u0161u.&#8221; \u2014 Ronalds P\u0113tersons, &#8220;Noble Wine&#8221; somelj\u0113<\/p>\n","protected":false},"featured_media":60006,"template":"","meta":[],"product_cat":[4114],"product_tag":[],"class_list":["post-57890","product","type-product","status-publish","has-post-thumbnail","hentry","product_cat-vino","pa_country-france-ru","pa_tips-beloe-vino","pa_varietal-chardonnay-ru","pa_vendor-alain-chavy-ru","pa_village-regional-ru"],"acf":[],"_links":{"self":[{"href":"https:\/\/nwold.test.decotec.lv\/ru\/wp-json\/wp\/v2\/product\/57890"}],"collection":[{"href":"https:\/\/nwold.test.decotec.lv\/ru\/wp-json\/wp\/v2\/product"}],"about":[{"href":"https:\/\/nwold.test.decotec.lv\/ru\/wp-json\/wp\/v2\/types\/product"}],"wp:featuredmedia":[{"embeddable":true,"href":"https:\/\/nwold.test.decotec.lv\/ru\/wp-json\/wp\/v2\/media\/60006"}],"wp:attachment":[{"href":"https:\/\/nwold.test.decotec.lv\/ru\/wp-json\/wp\/v2\/media?parent=57890"}],"wp:term":[{"taxonomy":"product_cat","embeddable":true,"href":"https:\/\/nwold.test.decotec.lv\/ru\/wp-json\/wp\/v2\/product_cat?post=57890"},{"taxonomy":"product_tag","embeddable":true,"href":"https:\/\/nwold.test.decotec.lv\/ru\/wp-json\/wp\/v2\/product_tag?post=57890"}],"curies":[{"name":"wp","href":"https:\/\/api.w.org\/{rel}","templated":true}]}}