{"id":57901,"date":"2022-12-07T11:45:41","date_gmt":"2022-12-07T09:45:41","guid":{"rendered":"https:\/\/noblewine.lv\/?post_type=product&#038;p=57901"},"modified":"2024-05-24T22:55:11","modified_gmt":"2024-05-24T19:55:11","slug":"mercurey-1er-cru-clos-du-roi-2020","status":"publish","type":"product","link":"https:\/\/nwold.test.decotec.lv\/ru\/catalog\/vino\/mercurey-1er-cru-clos-du-roi-2020\/","title":{"rendered":"Mercurey 1er Cru &#8220;Clos Du Roi&#8221; 2020"},"content":{"rendered":"","protected":false},"excerpt":{"rendered":"<p>&#8220;Komplekss arom\u0101ts ar j\u016btam\u0101m vijol\u012b\u0161u, melle\u0146u un upe\u0146u not\u012bm. Gar\u0161a ir tum\u012bga ar intens\u012bvu tum\u0161o ogu un melnzemes not\u012bm. Tan\u012bni ir apa\u013ci un maigi. P\u0113cgar\u0161a ir ilga un intens\u012bva.&#8221; \u2014 Ronalds P\u0113tersons, &#8220;Noble Wine&#8221; somelj\u0113<\/p>\n","protected":false},"featured_media":57899,"template":"","meta":[],"product_cat":[4114],"product_tag":[],"class_list":["post-57901","product","type-product","status-publish","has-post-thumbnail","hentry","product_cat-vino","pa_country-france-ru","pa_region-burgundy-ru","pa_tips-red-wine-ru","pa_varietal-pinot-noir-ru","pa_vendor-chateau-de-chamirey-ru","pa_village-cote-chalonnaise-ru"],"acf":[],"_links":{"self":[{"href":"https:\/\/nwold.test.decotec.lv\/ru\/wp-json\/wp\/v2\/product\/57901"}],"collection":[{"href":"https:\/\/nwold.test.decotec.lv\/ru\/wp-json\/wp\/v2\/product"}],"about":[{"href":"https:\/\/nwold.test.decotec.lv\/ru\/wp-json\/wp\/v2\/types\/product"}],"wp:featuredmedia":[{"embeddable":true,"href":"https:\/\/nwold.test.decotec.lv\/ru\/wp-json\/wp\/v2\/media\/57899"}],"wp:attachment":[{"href":"https:\/\/nwold.test.decotec.lv\/ru\/wp-json\/wp\/v2\/media?parent=57901"}],"wp:term":[{"taxonomy":"product_cat","embeddable":true,"href":"https:\/\/nwold.test.decotec.lv\/ru\/wp-json\/wp\/v2\/product_cat?post=57901"},{"taxonomy":"product_tag","embeddable":true,"href":"https:\/\/nwold.test.decotec.lv\/ru\/wp-json\/wp\/v2\/product_tag?post=57901"}],"curies":[{"name":"wp","href":"https:\/\/api.w.org\/{rel}","templated":true}]}}