{"id":57918,"date":"2022-12-06T09:22:51","date_gmt":"2022-12-06T07:22:51","guid":{"rendered":"https:\/\/noblewine.lv\/?post_type=product&#038;p=57918"},"modified":"2024-05-16T22:23:15","modified_gmt":"2024-05-16T19:23:15","slug":"brunello-di-montalcino-docg-2017","status":"publish","type":"product","link":"https:\/\/nwold.test.decotec.lv\/ru\/catalog\/vino\/brunello-di-montalcino-docg-2017\/","title":{"rendered":"Brunello di Montalcino DOCG 2017"},"content":{"rendered":"","protected":false},"excerpt":{"rendered":"<p>&#8220;Arom\u0101t\u0101 j\u016btami svaigu sarkano ogu, saldo gar\u0161vielu, kalt\u0113tu ziedu un lakricas notis. Gar\u0161a ir sul\u012bga, eleganta un ar tum\u0161o \u0137ir\u0161u nians\u0113m. P\u0113cgar\u0161a ir eleganta, notur\u012bga un maiga. Tan\u012bni ir akt\u012bvi.&#8221; \u2014 Ronalds P\u0113tersons, &#8220;Noble Wine&#8221; somelj\u0113<\/p>\n","protected":false},"featured_media":38934,"template":"","meta":[],"product_cat":[4114],"product_tag":[],"class_list":["post-57918","product","type-product","status-publish","has-post-thumbnail","hentry","product_cat-vino","pa_country-italy-ru","pa_region-toscana-ru","pa_tips-red-wine-ru","pa_varietal-sangiovese-ru","pa_vendor-san-polino-ru","pa_village-montalcino-ru"],"acf":[],"_links":{"self":[{"href":"https:\/\/nwold.test.decotec.lv\/ru\/wp-json\/wp\/v2\/product\/57918"}],"collection":[{"href":"https:\/\/nwold.test.decotec.lv\/ru\/wp-json\/wp\/v2\/product"}],"about":[{"href":"https:\/\/nwold.test.decotec.lv\/ru\/wp-json\/wp\/v2\/types\/product"}],"wp:featuredmedia":[{"embeddable":true,"href":"https:\/\/nwold.test.decotec.lv\/ru\/wp-json\/wp\/v2\/media\/38934"}],"wp:attachment":[{"href":"https:\/\/nwold.test.decotec.lv\/ru\/wp-json\/wp\/v2\/media?parent=57918"}],"wp:term":[{"taxonomy":"product_cat","embeddable":true,"href":"https:\/\/nwold.test.decotec.lv\/ru\/wp-json\/wp\/v2\/product_cat?post=57918"},{"taxonomy":"product_tag","embeddable":true,"href":"https:\/\/nwold.test.decotec.lv\/ru\/wp-json\/wp\/v2\/product_tag?post=57918"}],"curies":[{"name":"wp","href":"https:\/\/api.w.org\/{rel}","templated":true}]}}