{"id":57947,"date":"2022-11-25T16:43:36","date_gmt":"2022-11-25T14:43:36","guid":{"rendered":"https:\/\/noblewine.lv\/?post_type=product&#038;p=57947"},"modified":"2024-05-24T22:55:09","modified_gmt":"2024-05-24T19:55:09","slug":"mercurey-2020-2","status":"publish","type":"product","link":"https:\/\/nwold.test.decotec.lv\/ru\/catalog\/vino\/mercurey-2020-2\/","title":{"rendered":"Mercurey 2020"},"content":{"rendered":"","protected":false},"excerpt":{"rendered":"<p>&#8220;Arom\u0101t\u0101 j\u016btamas vani\u013cas, negatavu persiku un miner\u0101lu notis. Gar\u0161a ir e\u013c\u013caina ar intens\u012bvu laima un ka\u013c\u0137a noti. P\u0113cgar\u0161a ir ilga un intens\u012bva. Sul\u012bgs un labi struktur\u0113ts v\u012bns.&#8221; \u2014 Ronalds P\u0113tersons, &#8220;Noble Wine&#8221; somelj\u0113<\/p>\n","protected":false},"featured_media":50270,"template":"","meta":[],"product_cat":[4114],"product_tag":[],"class_list":["post-57947","product","type-product","status-publish","has-post-thumbnail","hentry","product_cat-vino","pa_country-france-ru","pa_region-burgundy-ru","pa_tips-beloe-vino","pa_varietal-chardonnay-ru","pa_vendor-chateau-de-chamirey-ru","pa_village-cote-chalonnaise-ru"],"acf":[],"_links":{"self":[{"href":"https:\/\/nwold.test.decotec.lv\/ru\/wp-json\/wp\/v2\/product\/57947"}],"collection":[{"href":"https:\/\/nwold.test.decotec.lv\/ru\/wp-json\/wp\/v2\/product"}],"about":[{"href":"https:\/\/nwold.test.decotec.lv\/ru\/wp-json\/wp\/v2\/types\/product"}],"wp:featuredmedia":[{"embeddable":true,"href":"https:\/\/nwold.test.decotec.lv\/ru\/wp-json\/wp\/v2\/media\/50270"}],"wp:attachment":[{"href":"https:\/\/nwold.test.decotec.lv\/ru\/wp-json\/wp\/v2\/media?parent=57947"}],"wp:term":[{"taxonomy":"product_cat","embeddable":true,"href":"https:\/\/nwold.test.decotec.lv\/ru\/wp-json\/wp\/v2\/product_cat?post=57947"},{"taxonomy":"product_tag","embeddable":true,"href":"https:\/\/nwold.test.decotec.lv\/ru\/wp-json\/wp\/v2\/product_tag?post=57947"}],"curies":[{"name":"wp","href":"https:\/\/api.w.org\/{rel}","templated":true}]}}