{"id":58074,"date":"2022-12-07T10:45:41","date_gmt":"2022-12-07T08:45:41","guid":{"rendered":"https:\/\/noblewine.lv\/?post_type=product&#038;p=58074"},"modified":"2024-05-24T20:19:35","modified_gmt":"2024-05-24T17:19:35","slug":"toscana-igt-5050-2018","status":"publish","type":"product","link":"https:\/\/nwold.test.decotec.lv\/ru\/catalog\/vino\/toscana-igt-5050-2018\/","title":{"rendered":"Toscana IGT &#8220;50&amp;50&#8221; 2018"},"content":{"rendered":"","protected":false},"excerpt":{"rendered":"<p>&#8220;Arom\u0101t\u0101 j\u016btami tum\u012bgu ave\u0146u, za\u013co gar\u0161vielu un vani\u013cas notis. Gar\u0161a ir sul\u012bga, svaiga ar ave\u0146u un \u0137ir\u0161u nians\u0113m. P\u0113cgar\u0161a ir eleganta, notur\u012bga un maiga. Tan\u012bni ir maigi.&#8221; \u2014 Ronalds P\u0113tersons, &#8220;Noble Wine&#8221; somelj\u0113<\/p>\n","protected":false},"featured_media":30045,"template":"","meta":[],"product_cat":[4114],"product_tag":[],"class_list":["post-58074","product","type-product","status-publish","has-post-thumbnail","hentry","product_cat-vino","pa_country-italy-ru","pa_region-toscana-ru","pa_tips-red-wine-ru","pa_varietal-merlot-ru","pa_varietal-sangiovese-ru","pa_vendor-avignonesi-ru","pa_village-regional-toscana-ru"],"acf":[],"_links":{"self":[{"href":"https:\/\/nwold.test.decotec.lv\/ru\/wp-json\/wp\/v2\/product\/58074"}],"collection":[{"href":"https:\/\/nwold.test.decotec.lv\/ru\/wp-json\/wp\/v2\/product"}],"about":[{"href":"https:\/\/nwold.test.decotec.lv\/ru\/wp-json\/wp\/v2\/types\/product"}],"wp:featuredmedia":[{"embeddable":true,"href":"https:\/\/nwold.test.decotec.lv\/ru\/wp-json\/wp\/v2\/media\/30045"}],"wp:attachment":[{"href":"https:\/\/nwold.test.decotec.lv\/ru\/wp-json\/wp\/v2\/media?parent=58074"}],"wp:term":[{"taxonomy":"product_cat","embeddable":true,"href":"https:\/\/nwold.test.decotec.lv\/ru\/wp-json\/wp\/v2\/product_cat?post=58074"},{"taxonomy":"product_tag","embeddable":true,"href":"https:\/\/nwold.test.decotec.lv\/ru\/wp-json\/wp\/v2\/product_tag?post=58074"}],"curies":[{"name":"wp","href":"https:\/\/api.w.org\/{rel}","templated":true}]}}