{"id":58172,"date":"2023-01-04T09:10:50","date_gmt":"2023-01-04T07:10:50","guid":{"rendered":"https:\/\/noblewine.lv\/?post_type=product&#038;p=58172"},"modified":"2024-05-24T22:50:53","modified_gmt":"2024-05-24T19:50:53","slug":"chianti-classico-riserva-docg-2015","status":"publish","type":"product","link":"https:\/\/nwold.test.decotec.lv\/ru\/catalog\/vino\/chianti-classico-riserva-docg-2015\/","title":{"rendered":"Chianti Classico Riserva DOCG 2015"},"content":{"rendered":"","protected":false},"excerpt":{"rendered":"<p>&#8220;Arom\u0101t\u0101 j\u016btami tum\u0161o \u0137ir\u0161u, k\u016bpin\u0101juma, kalt\u0113tu ziedu, \u0101das un tabakas notis. Gar\u0161a ir maiga, pies\u0101tin\u0101ta, sul\u012bga un ar tum\u0161o \u0137ir\u0161u, tabakas, gar\u0161vielu nians\u0113m. P\u0113cgar\u0161a ir eleganta, notur\u012bga un maiga. Tan\u012bni ir z\u012bdaini.&#8221; \u2014 Ronalds P\u0113tersons, &#8220;Noble Wine&#8221; somelj\u0113<\/p>\n","protected":false},"featured_media":39255,"template":"","meta":[],"product_cat":[4114],"product_tag":[],"class_list":["post-58172","product","type-product","status-publish","has-post-thumbnail","hentry","product_cat-vino","pa_country-italy-ru","pa_region-toscana-ru","pa_tips-red-wine-ru","pa_varietal-sangiovese-ru","pa_vendor-castellin-villa-ru","pa_village-chianti-classico-ru"],"acf":[],"_links":{"self":[{"href":"https:\/\/nwold.test.decotec.lv\/ru\/wp-json\/wp\/v2\/product\/58172"}],"collection":[{"href":"https:\/\/nwold.test.decotec.lv\/ru\/wp-json\/wp\/v2\/product"}],"about":[{"href":"https:\/\/nwold.test.decotec.lv\/ru\/wp-json\/wp\/v2\/types\/product"}],"wp:featuredmedia":[{"embeddable":true,"href":"https:\/\/nwold.test.decotec.lv\/ru\/wp-json\/wp\/v2\/media\/39255"}],"wp:attachment":[{"href":"https:\/\/nwold.test.decotec.lv\/ru\/wp-json\/wp\/v2\/media?parent=58172"}],"wp:term":[{"taxonomy":"product_cat","embeddable":true,"href":"https:\/\/nwold.test.decotec.lv\/ru\/wp-json\/wp\/v2\/product_cat?post=58172"},{"taxonomy":"product_tag","embeddable":true,"href":"https:\/\/nwold.test.decotec.lv\/ru\/wp-json\/wp\/v2\/product_tag?post=58172"}],"curies":[{"name":"wp","href":"https:\/\/api.w.org\/{rel}","templated":true}]}}