{"id":58208,"date":"2022-11-04T15:16:00","date_gmt":"2022-11-04T13:16:00","guid":{"rendered":"https:\/\/noblewine.lv\/?post_type=product&#038;p=58208"},"modified":"2024-05-24T22:55:07","modified_gmt":"2024-05-24T19:55:07","slug":"amandier-chardonnay-ardeche-igt-2021","status":"publish","type":"product","link":"https:\/\/nwold.test.decotec.lv\/ru\/catalog\/vino\/amandier-chardonnay-ardeche-igt-2021\/","title":{"rendered":"&#8220;Amandier&#8221; Chardonnay Ardeche IGT 2021"},"content":{"rendered":"","protected":false},"excerpt":{"rendered":"<p>&#8220;Arom\u0101t\u0101 jau\u0161amas pl\u016b\u0161koka, akacijas un vani\u013cas notis. Gar\u0161\u0101 v\u012bns ir svaigs, komplekss, ar akmens, brio\u0161es un aprikozes nians\u0113m.&#8221; \u2014 Ronalds P\u0113tersons, &#8220;Noble Wine&#8221; somelj\u0113<\/p>\n","protected":false},"featured_media":59209,"template":"","meta":[],"product_cat":[4114],"product_tag":[],"class_list":["post-58208","product","type-product","status-publish","has-post-thumbnail","hentry","product_cat-vino","pa_country-france-ru","pa_region-rhone-ru","pa_tips-beloe-vino","pa_varietal-chardonnay-ru","pa_vendor-vignerons-ardechois-ru","pa_village-ardeche-ru"],"acf":[],"_links":{"self":[{"href":"https:\/\/nwold.test.decotec.lv\/ru\/wp-json\/wp\/v2\/product\/58208"}],"collection":[{"href":"https:\/\/nwold.test.decotec.lv\/ru\/wp-json\/wp\/v2\/product"}],"about":[{"href":"https:\/\/nwold.test.decotec.lv\/ru\/wp-json\/wp\/v2\/types\/product"}],"wp:featuredmedia":[{"embeddable":true,"href":"https:\/\/nwold.test.decotec.lv\/ru\/wp-json\/wp\/v2\/media\/59209"}],"wp:attachment":[{"href":"https:\/\/nwold.test.decotec.lv\/ru\/wp-json\/wp\/v2\/media?parent=58208"}],"wp:term":[{"taxonomy":"product_cat","embeddable":true,"href":"https:\/\/nwold.test.decotec.lv\/ru\/wp-json\/wp\/v2\/product_cat?post=58208"},{"taxonomy":"product_tag","embeddable":true,"href":"https:\/\/nwold.test.decotec.lv\/ru\/wp-json\/wp\/v2\/product_tag?post=58208"}],"curies":[{"name":"wp","href":"https:\/\/api.w.org\/{rel}","templated":true}]}}