{"id":58214,"date":"2023-01-05T10:37:30","date_gmt":"2023-01-05T08:37:30","guid":{"rendered":"https:\/\/noblewine.lv\/?post_type=product&#038;p=58214"},"modified":"2024-04-25T22:19:51","modified_gmt":"2024-04-25T19:19:51","slug":"suduiraut-sauternes-1er-gcc-2011-0375-ml","status":"publish","type":"product","link":"https:\/\/nwold.test.decotec.lv\/ru\/catalog\/vino\/suduiraut-sauternes-1er-gcc-2011-0375-ml\/","title":{"rendered":"&#8220;Suduiraut&#8221; Sauternes 1er GCC 2011 0,375 ml"},"content":{"rendered":"","protected":false},"excerpt":{"rendered":"<p>&#8220;Arom\u0101t\u0101 j\u016btamas apriko\u017eu, karameliz\u0113tu apels\u012bnu, medus un anan\u0101su notis. Gar\u0161\u0101 v\u012bns ir tum\u012bgs un svaigs ar tropisko aug\u013cu, medus un apels\u012bnu nians\u0113m.&#8221; \u2014 Ronalds P\u0113tersons, &#8220;Noble Wine&#8221; somelj\u0113<\/p>\n","protected":false},"featured_media":37889,"template":"","meta":[],"product_cat":[4114],"product_tag":[],"class_list":["post-58214","product","type-product","status-publish","has-post-thumbnail","hentry","product_cat-vino","pa_country-france-ru","pa_region-bordeaux-ru","pa_tips-dessert-wine-ru","pa_varietal-sauvignon-blanc-ru","pa_varietal-semillon-ru","pa_vendor-chateau-suduiraut-ru","pa_village-sauternes-ru"],"acf":[],"_links":{"self":[{"href":"https:\/\/nwold.test.decotec.lv\/ru\/wp-json\/wp\/v2\/product\/58214"}],"collection":[{"href":"https:\/\/nwold.test.decotec.lv\/ru\/wp-json\/wp\/v2\/product"}],"about":[{"href":"https:\/\/nwold.test.decotec.lv\/ru\/wp-json\/wp\/v2\/types\/product"}],"wp:featuredmedia":[{"embeddable":true,"href":"https:\/\/nwold.test.decotec.lv\/ru\/wp-json\/wp\/v2\/media\/37889"}],"wp:attachment":[{"href":"https:\/\/nwold.test.decotec.lv\/ru\/wp-json\/wp\/v2\/media?parent=58214"}],"wp:term":[{"taxonomy":"product_cat","embeddable":true,"href":"https:\/\/nwold.test.decotec.lv\/ru\/wp-json\/wp\/v2\/product_cat?post=58214"},{"taxonomy":"product_tag","embeddable":true,"href":"https:\/\/nwold.test.decotec.lv\/ru\/wp-json\/wp\/v2\/product_tag?post=58214"}],"curies":[{"name":"wp","href":"https:\/\/api.w.org\/{rel}","templated":true}]}}