{"id":58266,"date":"2022-10-03T12:39:42","date_gmt":"2022-10-03T09:39:42","guid":{"rendered":"https:\/\/noblewine.lv\/?post_type=product&#038;p=58266"},"modified":"2024-05-20T12:35:28","modified_gmt":"2024-05-20T09:35:28","slug":"pavillon-leoville-poyferre-st-julien-2016","status":"publish","type":"product","link":"https:\/\/nwold.test.decotec.lv\/ru\/catalog\/vino\/pavillon-leoville-poyferre-st-julien-2016\/","title":{"rendered":"&#8220;Pavillon Leoville Poyferre&#8221; St.Julien 2016"},"content":{"rendered":"","protected":false},"excerpt":{"rendered":"<p>&#8220;Arom\u0101t\u0101 j\u016btamas svaigu tum\u0161o upe\u0146u, melle\u0146u, eikalipta un d\u016bmu notis. Gar\u0161\u0101 v\u012bns ir vid\u0113jas miesas b\u016bves, ar sul\u012bgu upe\u0146u, piparu un ciedra koka nians\u0113m. Tan\u012bni ir akt\u012bvi.&#8221; \u2014 Ronalds P\u0113tersons, &#8220;Noble Wine&#8221; somelj\u0113<\/p>\n","protected":false},"featured_media":52390,"template":"","meta":[],"product_cat":[4114],"product_tag":[5836],"class_list":["post-58266","product","type-product","status-publish","has-post-thumbnail","hentry","product_cat-vino","product_tag-french_lovers-ru","pa_country-france-ru","pa_region-bordeaux-ru","pa_tips-red-wine-ru","pa_varietal-cabernet-sauvignon-ru","pa_varietal-merlot-ru","pa_vendor-chateau-leoville-poyferre-ru","pa_village-saint-julien-2-ru"],"acf":[],"_links":{"self":[{"href":"https:\/\/nwold.test.decotec.lv\/ru\/wp-json\/wp\/v2\/product\/58266"}],"collection":[{"href":"https:\/\/nwold.test.decotec.lv\/ru\/wp-json\/wp\/v2\/product"}],"about":[{"href":"https:\/\/nwold.test.decotec.lv\/ru\/wp-json\/wp\/v2\/types\/product"}],"wp:featuredmedia":[{"embeddable":true,"href":"https:\/\/nwold.test.decotec.lv\/ru\/wp-json\/wp\/v2\/media\/52390"}],"wp:attachment":[{"href":"https:\/\/nwold.test.decotec.lv\/ru\/wp-json\/wp\/v2\/media?parent=58266"}],"wp:term":[{"taxonomy":"product_cat","embeddable":true,"href":"https:\/\/nwold.test.decotec.lv\/ru\/wp-json\/wp\/v2\/product_cat?post=58266"},{"taxonomy":"product_tag","embeddable":true,"href":"https:\/\/nwold.test.decotec.lv\/ru\/wp-json\/wp\/v2\/product_tag?post=58266"}],"curies":[{"name":"wp","href":"https:\/\/api.w.org\/{rel}","templated":true}]}}