{"id":59692,"date":"2023-02-07T10:22:01","date_gmt":"2023-02-07T08:22:01","guid":{"rendered":"https:\/\/noblewine.lv\/?post_type=product&#038;p=59692"},"modified":"2024-05-22T10:14:36","modified_gmt":"2024-05-22T07:14:36","slug":"primitivo-gioia-del-colle-doc-14-2020","status":"publish","type":"product","link":"https:\/\/nwold.test.decotec.lv\/ru\/catalog\/vino\/primitivo-gioia-del-colle-doc-14-2020\/","title":{"rendered":"Primitivo Gioia del Colle DOC &#8220;14&#8221; 2020"},"content":{"rendered":"","protected":false},"excerpt":{"rendered":"<p>&#8220;Arom\u0101ts ir pies\u0101tin\u0101ts ar gatavu pl\u016bmju, tabakas, lakricas un tim\u0101na not\u012bm. Gar\u0161\u0101 v\u012bns ir tum\u012bgs, pilnmies\u012bgs un koncentr\u0113ts. Tan\u012bni ir maigi, akt\u012bvi. P\u0113cgar\u0161a ir \u013coti ilga. &#8221; \u2014 Ronalds P\u0113tersons, &#8220;Noble Wine&#8221; somelj\u0113<\/p>\n","protected":false},"featured_media":27975,"template":"","meta":[],"product_cat":[4114],"product_tag":[],"class_list":["post-59692","product","type-product","status-publish","has-post-thumbnail","hentry","product_cat-vino","pa_country-italy-ru","pa_region-puglia-ru","pa_tips-red-wine-ru","pa_varietal-primitivo-ru","pa_vendor-cantine-polvanera-ru"],"acf":[],"_links":{"self":[{"href":"https:\/\/nwold.test.decotec.lv\/ru\/wp-json\/wp\/v2\/product\/59692"}],"collection":[{"href":"https:\/\/nwold.test.decotec.lv\/ru\/wp-json\/wp\/v2\/product"}],"about":[{"href":"https:\/\/nwold.test.decotec.lv\/ru\/wp-json\/wp\/v2\/types\/product"}],"wp:featuredmedia":[{"embeddable":true,"href":"https:\/\/nwold.test.decotec.lv\/ru\/wp-json\/wp\/v2\/media\/27975"}],"wp:attachment":[{"href":"https:\/\/nwold.test.decotec.lv\/ru\/wp-json\/wp\/v2\/media?parent=59692"}],"wp:term":[{"taxonomy":"product_cat","embeddable":true,"href":"https:\/\/nwold.test.decotec.lv\/ru\/wp-json\/wp\/v2\/product_cat?post=59692"},{"taxonomy":"product_tag","embeddable":true,"href":"https:\/\/nwold.test.decotec.lv\/ru\/wp-json\/wp\/v2\/product_tag?post=59692"}],"curies":[{"name":"wp","href":"https:\/\/api.w.org\/{rel}","templated":true}]}}