{"id":59805,"date":"2023-03-15T16:47:55","date_gmt":"2023-03-15T14:47:55","guid":{"rendered":"https:\/\/noblewine.lv\/?post_type=product&#038;p=59805"},"modified":"2024-05-21T09:23:51","modified_gmt":"2024-05-21T06:23:51","slug":"marsannay-cuvee-marie-ragonneau-2020","status":"publish","type":"product","link":"https:\/\/nwold.test.decotec.lv\/ru\/catalog\/vino\/marsannay-cuvee-marie-ragonneau-2020\/","title":{"rendered":"Marsannay &#8220;Cuvee Marie Ragonneau&#8221; 2020"},"content":{"rendered":"","protected":false},"excerpt":{"rendered":"<p>&#8220;Arom\u0101t\u0101 j\u016btamas upe\u0146u un \u0137ir\u0161u notis. Gar\u0161a ir sul\u012bga, maiga ar minim\u0101liem tan\u012bniem un j\u016btam\u0101m \u0137ir\u0161u, \u0161okol\u0101des un saldo gar\u0161vielu not\u012bm.&#8221; \u2014 Ronalds P\u0113tersons, &#8220;Noble Wine&#8221; somelj\u0113<\/p>\n","protected":false},"featured_media":59924,"template":"","meta":[],"product_cat":[4114],"product_tag":[],"class_list":["post-59805","product","type-product","status-publish","has-post-thumbnail","hentry","product_cat-vino","pa_country-france-ru","pa_region-burgundy-ru","pa_tips-red-wine-ru","pa_varietal-pinot-noir-ru","pa_vendor-domaine-charles-audoin-ru","pa_village-marsannay-ru"],"acf":[],"_links":{"self":[{"href":"https:\/\/nwold.test.decotec.lv\/ru\/wp-json\/wp\/v2\/product\/59805"}],"collection":[{"href":"https:\/\/nwold.test.decotec.lv\/ru\/wp-json\/wp\/v2\/product"}],"about":[{"href":"https:\/\/nwold.test.decotec.lv\/ru\/wp-json\/wp\/v2\/types\/product"}],"wp:featuredmedia":[{"embeddable":true,"href":"https:\/\/nwold.test.decotec.lv\/ru\/wp-json\/wp\/v2\/media\/59924"}],"wp:attachment":[{"href":"https:\/\/nwold.test.decotec.lv\/ru\/wp-json\/wp\/v2\/media?parent=59805"}],"wp:term":[{"taxonomy":"product_cat","embeddable":true,"href":"https:\/\/nwold.test.decotec.lv\/ru\/wp-json\/wp\/v2\/product_cat?post=59805"},{"taxonomy":"product_tag","embeddable":true,"href":"https:\/\/nwold.test.decotec.lv\/ru\/wp-json\/wp\/v2\/product_tag?post=59805"}],"curies":[{"name":"wp","href":"https:\/\/api.w.org\/{rel}","templated":true}]}}