{"id":59809,"date":"2023-03-07T16:16:37","date_gmt":"2023-03-07T14:16:37","guid":{"rendered":"https:\/\/noblewine.lv\/?post_type=product&#038;p=59809"},"modified":"2024-05-23T10:39:42","modified_gmt":"2024-05-23T07:39:42","slug":"mercurey-2021","status":"publish","type":"product","link":"https:\/\/nwold.test.decotec.lv\/ru\/catalog\/vino\/mercurey-2021\/","title":{"rendered":"Mercurey 2021"},"content":{"rendered":"","protected":false},"excerpt":{"rendered":"<p>&#8220;Arom\u0101t\u0101 j\u016btamas tum\u0161o \u0137ir\u0161u un ave\u0146u notis ar melnzemes un d\u016bmu nians\u0113m. Gar\u0161a ir izteikti aug\u013caina ar upe\u0146u un \u0137ir\u0161u nians\u0113m. Tan\u012bni ir akt\u012bvi, bet gatavi. P\u0113cgar\u0161a ir ilga un intens\u012bva.&#8221; \u2014 Ronalds P\u0113tersons, &#8220;Noble Wine&#8221; somelj\u0113<\/p>\n","protected":false},"featured_media":59975,"template":"","meta":[],"product_cat":[4114],"product_tag":[],"class_list":["post-59809","product","type-product","status-publish","has-post-thumbnail","hentry","product_cat-vino","pa_country-france-ru","pa_region-burgundy-ru","pa_tips-red-wine-ru","pa_varietal-pinot-noir-ru","pa_vendor-chateau-de-chamirey-ru","pa_village-cote-chalonnaise-ru"],"acf":[],"_links":{"self":[{"href":"https:\/\/nwold.test.decotec.lv\/ru\/wp-json\/wp\/v2\/product\/59809"}],"collection":[{"href":"https:\/\/nwold.test.decotec.lv\/ru\/wp-json\/wp\/v2\/product"}],"about":[{"href":"https:\/\/nwold.test.decotec.lv\/ru\/wp-json\/wp\/v2\/types\/product"}],"wp:featuredmedia":[{"embeddable":true,"href":"https:\/\/nwold.test.decotec.lv\/ru\/wp-json\/wp\/v2\/media\/59975"}],"wp:attachment":[{"href":"https:\/\/nwold.test.decotec.lv\/ru\/wp-json\/wp\/v2\/media?parent=59809"}],"wp:term":[{"taxonomy":"product_cat","embeddable":true,"href":"https:\/\/nwold.test.decotec.lv\/ru\/wp-json\/wp\/v2\/product_cat?post=59809"},{"taxonomy":"product_tag","embeddable":true,"href":"https:\/\/nwold.test.decotec.lv\/ru\/wp-json\/wp\/v2\/product_tag?post=59809"}],"curies":[{"name":"wp","href":"https:\/\/api.w.org\/{rel}","templated":true}]}}