{"id":59837,"date":"2023-03-13T16:11:06","date_gmt":"2023-03-13T14:11:06","guid":{"rendered":"https:\/\/noblewine.lv\/?post_type=product&#038;p=59837"},"modified":"2024-05-24T22:57:03","modified_gmt":"2024-05-24T19:57:03","slug":"riesling-haus-klosterberg-trocken-2021","status":"publish","type":"product","link":"https:\/\/nwold.test.decotec.lv\/ru\/catalog\/vino\/riesling-haus-klosterberg-trocken-2021\/","title":{"rendered":"Riesling &#8220;Haus Klosterberg&#8221; Trocken 2021"},"content":{"rendered":"","protected":false},"excerpt":{"rendered":"<p>&#8220;Arom\u0101t\u0101 ir j\u016btama laima, gatavu za\u013co \u0101bolu un persiku notis. Gar\u0161\u0101 v\u012bns ir \u013coti sul\u012bgs, labi integr\u0113tu saldumu un za\u013c\u0101 \u0101bola nians\u0113m. P\u0113cgar\u0161a \u013coti gara.&#8221; &#8211; Ronalds P\u0113tersons, &#8220;Noble Wine&#8221; somelj\u0113<\/p>\n","protected":false},"featured_media":48405,"template":"","meta":[],"product_cat":[4114],"product_tag":[],"class_list":["post-59837","product","type-product","status-publish","has-post-thumbnail","hentry","product_cat-vino","pa_country-germany-ru","pa_region-mosel-ru","pa_tips-beloe-vino","pa_varietal-riesling-ru","pa_vendor-weingut-markus-molitor-ru"],"acf":[],"_links":{"self":[{"href":"https:\/\/nwold.test.decotec.lv\/ru\/wp-json\/wp\/v2\/product\/59837"}],"collection":[{"href":"https:\/\/nwold.test.decotec.lv\/ru\/wp-json\/wp\/v2\/product"}],"about":[{"href":"https:\/\/nwold.test.decotec.lv\/ru\/wp-json\/wp\/v2\/types\/product"}],"wp:featuredmedia":[{"embeddable":true,"href":"https:\/\/nwold.test.decotec.lv\/ru\/wp-json\/wp\/v2\/media\/48405"}],"wp:attachment":[{"href":"https:\/\/nwold.test.decotec.lv\/ru\/wp-json\/wp\/v2\/media?parent=59837"}],"wp:term":[{"taxonomy":"product_cat","embeddable":true,"href":"https:\/\/nwold.test.decotec.lv\/ru\/wp-json\/wp\/v2\/product_cat?post=59837"},{"taxonomy":"product_tag","embeddable":true,"href":"https:\/\/nwold.test.decotec.lv\/ru\/wp-json\/wp\/v2\/product_tag?post=59837"}],"curies":[{"name":"wp","href":"https:\/\/api.w.org\/{rel}","templated":true}]}}