{"id":60548,"date":"2023-04-19T15:01:42","date_gmt":"2023-04-19T12:01:42","guid":{"rendered":"https:\/\/noblewine.lv\/?post_type=product&#038;p=60548"},"modified":"2024-05-27T12:29:21","modified_gmt":"2024-05-27T09:29:21","slug":"vie-en-rose-cotes-de-provence-2022","status":"publish","type":"product","link":"https:\/\/nwold.test.decotec.lv\/ru\/catalog\/vino\/vie-en-rose-cotes-de-provence-2022\/","title":{"rendered":"&#8220;Vie en Rose&#8221; Cotes de Provence 2022"},"content":{"rendered":"","protected":false},"excerpt":{"rendered":"<p>Sauss roz\u0101 v\u012bns &#8220;Arom\u0101t\u0101 j\u016btamas delik\u0101tas j\u0101\u0146ogu, persiku un zeme\u0146u notis. Gar\u0161\u0101 v\u012bns ir krauk\u0161\u0137\u012bgs sul\u012bgs ar aug\u013cainu svaigumu.&#8221; \u2014 Ronalds P\u0113tersons, &#8220;Noble Wine&#8221; somelj\u0113<\/p>\n","protected":false},"featured_media":60549,"template":"","meta":[],"product_cat":[4114],"product_tag":[],"class_list":["post-60548","product","type-product","status-publish","has-post-thumbnail","hentry","product_cat-vino","pa_country-france-ru","pa_region-provence-ru","pa_tips-rozovye-vina","pa_varietal-cinsault-ru","pa_varietal-tibouren-ru","pa_vendor-chateau-roubine-ru"],"acf":[],"_links":{"self":[{"href":"https:\/\/nwold.test.decotec.lv\/ru\/wp-json\/wp\/v2\/product\/60548"}],"collection":[{"href":"https:\/\/nwold.test.decotec.lv\/ru\/wp-json\/wp\/v2\/product"}],"about":[{"href":"https:\/\/nwold.test.decotec.lv\/ru\/wp-json\/wp\/v2\/types\/product"}],"wp:featuredmedia":[{"embeddable":true,"href":"https:\/\/nwold.test.decotec.lv\/ru\/wp-json\/wp\/v2\/media\/60549"}],"wp:attachment":[{"href":"https:\/\/nwold.test.decotec.lv\/ru\/wp-json\/wp\/v2\/media?parent=60548"}],"wp:term":[{"taxonomy":"product_cat","embeddable":true,"href":"https:\/\/nwold.test.decotec.lv\/ru\/wp-json\/wp\/v2\/product_cat?post=60548"},{"taxonomy":"product_tag","embeddable":true,"href":"https:\/\/nwold.test.decotec.lv\/ru\/wp-json\/wp\/v2\/product_tag?post=60548"}],"curies":[{"name":"wp","href":"https:\/\/api.w.org\/{rel}","templated":true}]}}