{"id":60587,"date":"2023-05-18T13:38:08","date_gmt":"2023-05-18T10:38:08","guid":{"rendered":"https:\/\/noblewine.lv\/?post_type=product&#038;p=60587"},"modified":"2024-05-21T22:24:39","modified_gmt":"2024-05-21T19:24:39","slug":"savoie-chignin-bergeron-la-peyse-2020","status":"publish","type":"product","link":"https:\/\/nwold.test.decotec.lv\/ru\/catalog\/vino\/savoie-chignin-bergeron-la-peyse-2020\/","title":{"rendered":"Savoie Chignin-Bergeron &#8220;La Peyse&#8221; 2020"},"content":{"rendered":"","protected":false},"excerpt":{"rendered":"<p>&#8220;Arom\u0101t\u0101 j\u016btamas medus, marmel\u0101des un cidonijas notis. Gar\u0161\u0101 v\u012bns perfekti sabalans\u0113ts, maigs, elegants, ar ilgu p\u0113cgar\u0161u.&#8221; \u2014 Ronalds P\u0113tersons, &#8220;Noble Wine&#8221; somelj\u0113<\/p>\n","protected":false},"featured_media":60588,"template":"","meta":[],"product_cat":[4114],"product_tag":[],"class_list":["post-60587","product","type-product","status-publish","has-post-thumbnail","hentry","product_cat-vino","pa_country-france-ru","pa_region-savoie-ru-2","pa_tips-beloe-vino","pa_varietal-roussane-ru","pa_vendor-philippe-et-sylvain-ravier-ru"],"acf":[],"_links":{"self":[{"href":"https:\/\/nwold.test.decotec.lv\/ru\/wp-json\/wp\/v2\/product\/60587"}],"collection":[{"href":"https:\/\/nwold.test.decotec.lv\/ru\/wp-json\/wp\/v2\/product"}],"about":[{"href":"https:\/\/nwold.test.decotec.lv\/ru\/wp-json\/wp\/v2\/types\/product"}],"wp:featuredmedia":[{"embeddable":true,"href":"https:\/\/nwold.test.decotec.lv\/ru\/wp-json\/wp\/v2\/media\/60588"}],"wp:attachment":[{"href":"https:\/\/nwold.test.decotec.lv\/ru\/wp-json\/wp\/v2\/media?parent=60587"}],"wp:term":[{"taxonomy":"product_cat","embeddable":true,"href":"https:\/\/nwold.test.decotec.lv\/ru\/wp-json\/wp\/v2\/product_cat?post=60587"},{"taxonomy":"product_tag","embeddable":true,"href":"https:\/\/nwold.test.decotec.lv\/ru\/wp-json\/wp\/v2\/product_tag?post=60587"}],"curies":[{"name":"wp","href":"https:\/\/api.w.org\/{rel}","templated":true}]}}