{"id":60599,"date":"2023-04-28T13:46:48","date_gmt":"2023-04-28T10:46:48","guid":{"rendered":"https:\/\/noblewine.lv\/?post_type=product&#038;p=60599"},"modified":"2024-05-24T07:49:48","modified_gmt":"2024-05-24T04:49:48","slug":"savoie-chignin-bergeron-les-deux-tilleuls-2021","status":"publish","type":"product","link":"https:\/\/nwold.test.decotec.lv\/ru\/catalog\/vino\/savoie-chignin-bergeron-les-deux-tilleuls-2021\/","title":{"rendered":"Savoie Chignin-Bergeron &#8220;Les Deux Tilleuls&#8221; 2021"},"content":{"rendered":"","protected":false},"excerpt":{"rendered":"<p>&#8220;Arom\u0101t\u0101 j\u016btamas medus, marmel\u0101des un cidonijas notis. Gar\u0161\u0101 v\u012bns perfekti sabalans\u0113ts, maigs, elegants, ar ilgu p\u0113cgar\u0161u.&#8221; \u2014 Ronalds P\u0113tersons, &#8220;Noble Wine&#8221; somelj\u0113<\/p>\n","protected":false},"featured_media":60600,"template":"","meta":[],"product_cat":[4114],"product_tag":[],"class_list":["post-60599","product","type-product","status-publish","has-post-thumbnail","hentry","product_cat-vino","pa_country-france-ru","pa_region-savoie-ru-2","pa_tips-beloe-vino","pa_varietal-roussane-ru","pa_vendor-philippe-et-sylvain-ravier-ru"],"acf":[],"_links":{"self":[{"href":"https:\/\/nwold.test.decotec.lv\/ru\/wp-json\/wp\/v2\/product\/60599"}],"collection":[{"href":"https:\/\/nwold.test.decotec.lv\/ru\/wp-json\/wp\/v2\/product"}],"about":[{"href":"https:\/\/nwold.test.decotec.lv\/ru\/wp-json\/wp\/v2\/types\/product"}],"wp:featuredmedia":[{"embeddable":true,"href":"https:\/\/nwold.test.decotec.lv\/ru\/wp-json\/wp\/v2\/media\/60600"}],"wp:attachment":[{"href":"https:\/\/nwold.test.decotec.lv\/ru\/wp-json\/wp\/v2\/media?parent=60599"}],"wp:term":[{"taxonomy":"product_cat","embeddable":true,"href":"https:\/\/nwold.test.decotec.lv\/ru\/wp-json\/wp\/v2\/product_cat?post=60599"},{"taxonomy":"product_tag","embeddable":true,"href":"https:\/\/nwold.test.decotec.lv\/ru\/wp-json\/wp\/v2\/product_tag?post=60599"}],"curies":[{"name":"wp","href":"https:\/\/api.w.org\/{rel}","templated":true}]}}