{"id":60794,"date":"2023-06-13T14:13:42","date_gmt":"2023-06-13T11:13:42","guid":{"rendered":"https:\/\/noblewine.lv\/?post_type=product&#038;p=60794"},"modified":"2024-05-24T23:00:08","modified_gmt":"2024-05-24T20:00:08","slug":"chassagne-montrachet-vieilles-vignes-2020-rouge","status":"publish","type":"product","link":"https:\/\/nwold.test.decotec.lv\/ru\/catalog\/vino\/chassagne-montrachet-vieilles-vignes-2020-rouge\/","title":{"rendered":"Chassagne-Montrachet &#8220;Vieilles Vignes&#8221; 2020 Rouge"},"content":{"rendered":"","protected":false},"excerpt":{"rendered":"<p>&#8220;Arom\u0101t\u0101 j\u016btamas sarkano ogu, saldo gar\u0161vielu un vijol\u012b\u0161u notis. Gar\u0161a ir \u013coti bag\u0101ta ar z\u012bdainiem tan\u012bniem, sarkano ogu un melnzemes not\u012bm. V\u012bns paredz\u0113ts baud\u012b\u0161anai kop\u0101 ar \u0113dienu.&#8221;  \u2014 Ronalds P\u0113tersons, &#8220;Noble Wine&#8221; somelj\u0113<\/p>\n","protected":false},"featured_media":0,"template":"","meta":[],"product_cat":[4114],"product_tag":[],"class_list":["post-60794","product","type-product","status-publish","hentry","product_cat-vino","pa_country-france-ru","pa_region-burgundy-ru","pa_tips-red-wine-ru","pa_varietal-pinot-noir-ru","pa_vendor-domaine-guy-amiot-et-fils-ru","pa_village-chassagne-montrachet-ru"],"acf":[],"_links":{"self":[{"href":"https:\/\/nwold.test.decotec.lv\/ru\/wp-json\/wp\/v2\/product\/60794"}],"collection":[{"href":"https:\/\/nwold.test.decotec.lv\/ru\/wp-json\/wp\/v2\/product"}],"about":[{"href":"https:\/\/nwold.test.decotec.lv\/ru\/wp-json\/wp\/v2\/types\/product"}],"wp:attachment":[{"href":"https:\/\/nwold.test.decotec.lv\/ru\/wp-json\/wp\/v2\/media?parent=60794"}],"wp:term":[{"taxonomy":"product_cat","embeddable":true,"href":"https:\/\/nwold.test.decotec.lv\/ru\/wp-json\/wp\/v2\/product_cat?post=60794"},{"taxonomy":"product_tag","embeddable":true,"href":"https:\/\/nwold.test.decotec.lv\/ru\/wp-json\/wp\/v2\/product_tag?post=60794"}],"curies":[{"name":"wp","href":"https:\/\/api.w.org\/{rel}","templated":true}]}}