{"id":61000,"date":"2023-05-16T16:51:31","date_gmt":"2023-05-16T13:51:31","guid":{"rendered":"https:\/\/noblewine.lv\/catalog\/uncategorized\/muscadet-sevre-et-main-2022\/"},"modified":"2024-05-24T22:58:43","modified_gmt":"2024-05-24T19:58:43","slug":"muscadet-sevre-et-main-2022","status":"publish","type":"product","link":"https:\/\/nwold.test.decotec.lv\/ru\/catalog\/vino\/muscadet-sevre-et-main-2022\/","title":{"rendered":"Muscadet-Sevre-et-Main 2022"},"content":{"rendered":"","protected":false},"excerpt":{"rendered":"<p>&#8220;Arom\u0101ts ir elegants ar laima, z\u0101les, krama un kr\u012bta not\u012bm. Gar\u0161\u0101 v\u012bns ir sauss, sul\u012bgs, ar augstu sk\u0101bumu. Citrusu, akmens un s\u0101ls nianses domin\u0113 gar\u0161\u0101.&#8221; \u2014 Ronalds P\u0113tersons, &#8220;Noble Wine&#8221; somelj\u0113<\/p>\n","protected":false},"featured_media":61001,"template":"","meta":[],"product_cat":[4114],"product_tag":[],"class_list":["post-61000","product","type-product","status-publish","has-post-thumbnail","hentry","product_cat-vino","pa_country-france-ru","pa_region-loire-ru","pa_tips-beloe-vino","pa_varietal-melon-de-bourgogne-ru","pa_vendor-domaine-de-la-pepiere-ru","pa_village-muscadet-sevre-et-maine-ru"],"acf":[],"_links":{"self":[{"href":"https:\/\/nwold.test.decotec.lv\/ru\/wp-json\/wp\/v2\/product\/61000"}],"collection":[{"href":"https:\/\/nwold.test.decotec.lv\/ru\/wp-json\/wp\/v2\/product"}],"about":[{"href":"https:\/\/nwold.test.decotec.lv\/ru\/wp-json\/wp\/v2\/types\/product"}],"wp:featuredmedia":[{"embeddable":true,"href":"https:\/\/nwold.test.decotec.lv\/ru\/wp-json\/wp\/v2\/media\/61001"}],"wp:attachment":[{"href":"https:\/\/nwold.test.decotec.lv\/ru\/wp-json\/wp\/v2\/media?parent=61000"}],"wp:term":[{"taxonomy":"product_cat","embeddable":true,"href":"https:\/\/nwold.test.decotec.lv\/ru\/wp-json\/wp\/v2\/product_cat?post=61000"},{"taxonomy":"product_tag","embeddable":true,"href":"https:\/\/nwold.test.decotec.lv\/ru\/wp-json\/wp\/v2\/product_tag?post=61000"}],"curies":[{"name":"wp","href":"https:\/\/api.w.org\/{rel}","templated":true}]}}