{"id":61005,"date":"2023-05-16T18:21:30","date_gmt":"2023-05-16T15:21:30","guid":{"rendered":"https:\/\/noblewine.lv\/catalog\/uncategorized\/toscana-igp-vermentino-vigne-basse-2022\/"},"modified":"2024-05-27T12:29:38","modified_gmt":"2024-05-27T09:29:38","slug":"toscana-igp-vermentino-vigne-basse-2022","status":"publish","type":"product","link":"https:\/\/nwold.test.decotec.lv\/ru\/catalog\/vino\/toscana-igp-vermentino-vigne-basse-2022\/","title":{"rendered":"Toscana IGP Vermentino &#8220;Vigne basse&#8221; 2022"},"content":{"rendered":"","protected":false},"excerpt":{"rendered":"<p>&#8220;Arom\u0101ts j\u016btamas miner\u0101lu, persiku un \u0101bolu notis. Gar\u0161\u0101 v\u012bns ir sul\u012bgs, delik\u0101ts ar gatavu \u0101bolu un nektar\u012bnu nians\u0113m.&#8221; \u2014 Ronalds P\u0113tersons, &#8220;Noble Wine&#8221; somelj\u0113<\/p>\n","protected":false},"featured_media":61006,"template":"","meta":[],"product_cat":[4114],"product_tag":[],"class_list":["post-61005","product","type-product","status-publish","has-post-thumbnail","hentry","product_cat-vino","pa_country-italy-ru","pa_region-toscana-ru","pa_tips-beloe-vino","pa_varietal-albarola-ru","pa_varietal-vermentino-ru","pa_vendor-terenzuola-ru","pa_village-liguria-ru"],"acf":[],"_links":{"self":[{"href":"https:\/\/nwold.test.decotec.lv\/ru\/wp-json\/wp\/v2\/product\/61005"}],"collection":[{"href":"https:\/\/nwold.test.decotec.lv\/ru\/wp-json\/wp\/v2\/product"}],"about":[{"href":"https:\/\/nwold.test.decotec.lv\/ru\/wp-json\/wp\/v2\/types\/product"}],"wp:featuredmedia":[{"embeddable":true,"href":"https:\/\/nwold.test.decotec.lv\/ru\/wp-json\/wp\/v2\/media\/61006"}],"wp:attachment":[{"href":"https:\/\/nwold.test.decotec.lv\/ru\/wp-json\/wp\/v2\/media?parent=61005"}],"wp:term":[{"taxonomy":"product_cat","embeddable":true,"href":"https:\/\/nwold.test.decotec.lv\/ru\/wp-json\/wp\/v2\/product_cat?post=61005"},{"taxonomy":"product_tag","embeddable":true,"href":"https:\/\/nwold.test.decotec.lv\/ru\/wp-json\/wp\/v2\/product_tag?post=61005"}],"curies":[{"name":"wp","href":"https:\/\/api.w.org\/{rel}","templated":true}]}}