{"id":61010,"date":"2023-05-16T18:21:31","date_gmt":"2023-05-16T15:21:31","guid":{"rendered":"https:\/\/noblewine.lv\/catalog\/uncategorized\/cinque-terre-doc-2022\/"},"modified":"2024-05-21T09:53:59","modified_gmt":"2024-05-21T06:53:59","slug":"cinque-terre-doc-2022","status":"publish","type":"product","link":"https:\/\/nwold.test.decotec.lv\/ru\/catalog\/vino\/cinque-terre-doc-2022\/","title":{"rendered":"Cinque Terre DOC 2022"},"content":{"rendered":"","protected":false},"excerpt":{"rendered":"<p>&#8220;Izteikts un elegants arom\u0101ts ar savva\u013cas ziedu, medus un citrusaug\u013cu nians\u0113m. Gar\u0161\u0101 v\u012bns ir sauss, labi sabalans\u0113ts, ar delik\u0101t\u0101m melones, persiku un herb\u0101l\u0101m not\u012bm.&#8221; \u2014 Ronalds P\u0113tersons, &#8220;Noble Wine&#8221; somelj\u0113<\/p>\n","protected":false},"featured_media":61011,"template":"","meta":[],"product_cat":[4114],"product_tag":[],"class_list":["post-61010","product","type-product","status-publish","has-post-thumbnail","hentry","product_cat-vino","pa_country-italy-ru","pa_region-liguria-ru","pa_tips-beloe-vino","pa_varietal-albarola-ru","pa_varietal-bosco-ru","pa_varietal-vermentino-ru","pa_vendor-terenzuola-ru"],"acf":[],"_links":{"self":[{"href":"https:\/\/nwold.test.decotec.lv\/ru\/wp-json\/wp\/v2\/product\/61010"}],"collection":[{"href":"https:\/\/nwold.test.decotec.lv\/ru\/wp-json\/wp\/v2\/product"}],"about":[{"href":"https:\/\/nwold.test.decotec.lv\/ru\/wp-json\/wp\/v2\/types\/product"}],"wp:featuredmedia":[{"embeddable":true,"href":"https:\/\/nwold.test.decotec.lv\/ru\/wp-json\/wp\/v2\/media\/61011"}],"wp:attachment":[{"href":"https:\/\/nwold.test.decotec.lv\/ru\/wp-json\/wp\/v2\/media?parent=61010"}],"wp:term":[{"taxonomy":"product_cat","embeddable":true,"href":"https:\/\/nwold.test.decotec.lv\/ru\/wp-json\/wp\/v2\/product_cat?post=61010"},{"taxonomy":"product_tag","embeddable":true,"href":"https:\/\/nwold.test.decotec.lv\/ru\/wp-json\/wp\/v2\/product_tag?post=61010"}],"curies":[{"name":"wp","href":"https:\/\/api.w.org\/{rel}","templated":true}]}}