{"id":61034,"date":"2023-05-16T18:51:34","date_gmt":"2023-05-16T15:51:34","guid":{"rendered":"https:\/\/noblewine.lv\/catalog\/uncategorized\/langhe-doc-2017-rosso\/"},"modified":"2024-05-21T22:24:40","modified_gmt":"2024-05-21T19:24:40","slug":"langhe-doc-2017-rosso","status":"publish","type":"product","link":"https:\/\/nwold.test.decotec.lv\/ru\/catalog\/vino\/langhe-doc-2017-rosso\/","title":{"rendered":"Langhe DOC 2017 Rosso"},"content":{"rendered":"","protected":false},"excerpt":{"rendered":"<p>Arom\u0101t\u0101 j\u016btamas gatavu sarkano ogu, vijol\u012b\u0161u un meln\u0101s t\u0113jas notis. Gar\u0161a piesatin\u0101ta ar svaigu tum\u0161o \u0137ir\u0161u, lauru lapu un vijol\u012b\u0161u not\u012bm. Tan\u012bni ir akt\u012bvi un kr\u012btaini. P\u0113cgar\u0161a ir ilga un eleganta ar sarkano ogu not\u012bm. \u2014 Ronalds P\u0113tersons, &#8220;Noble Wine&#8221; somelj\u0113<\/p>\n","protected":false},"featured_media":61035,"template":"","meta":[],"product_cat":[4114],"product_tag":[],"class_list":["post-61034","product","type-product","status-publish","has-post-thumbnail","hentry","product_cat-vino","pa_country-italy-ru","pa_region-piedmont-ru","pa_tips-red-wine-ru","pa_varietal-nebbiolo-ru","pa_vendor-roagna-ru","pa_village-langhe-ru"],"acf":[],"_links":{"self":[{"href":"https:\/\/nwold.test.decotec.lv\/ru\/wp-json\/wp\/v2\/product\/61034"}],"collection":[{"href":"https:\/\/nwold.test.decotec.lv\/ru\/wp-json\/wp\/v2\/product"}],"about":[{"href":"https:\/\/nwold.test.decotec.lv\/ru\/wp-json\/wp\/v2\/types\/product"}],"wp:featuredmedia":[{"embeddable":true,"href":"https:\/\/nwold.test.decotec.lv\/ru\/wp-json\/wp\/v2\/media\/61035"}],"wp:attachment":[{"href":"https:\/\/nwold.test.decotec.lv\/ru\/wp-json\/wp\/v2\/media?parent=61034"}],"wp:term":[{"taxonomy":"product_cat","embeddable":true,"href":"https:\/\/nwold.test.decotec.lv\/ru\/wp-json\/wp\/v2\/product_cat?post=61034"},{"taxonomy":"product_tag","embeddable":true,"href":"https:\/\/nwold.test.decotec.lv\/ru\/wp-json\/wp\/v2\/product_tag?post=61034"}],"curies":[{"name":"wp","href":"https:\/\/api.w.org\/{rel}","templated":true}]}}