{"id":61036,"date":"2023-06-20T09:53:38","date_gmt":"2023-06-20T06:53:38","guid":{"rendered":"https:\/\/noblewine.lv\/?post_type=product&#038;p=61036"},"modified":"2024-04-18T15:21:53","modified_gmt":"2024-04-18T12:21:53","slug":"dolcetto-dalba-doc-2021-2","status":"publish","type":"product","link":"https:\/\/nwold.test.decotec.lv\/ru\/catalog\/vino\/dolcetto-dalba-doc-2021-2\/","title":{"rendered":"Dolcetto d`Alba DOC 2021"},"content":{"rendered":"","protected":false},"excerpt":{"rendered":"<p>Arom\u0101t\u0101 j\u016btamas svaigu sarkano ogu, kaze\u0146u un melnzemes notis. Gar\u0161a svaiga ar ar augstu sk\u0101bumu, me\u017ea ogu un vijol\u012b\u0161u not\u012bm. P\u0113cgar\u0161a ir ilga un svaiga. \u2014 Ronalds P\u0113tersons, &#8220;Noble Wine&#8221; somelj\u0113<\/p>\n","protected":false},"featured_media":60929,"template":"","meta":[],"product_cat":[4114],"product_tag":[],"class_list":["post-61036","product","type-product","status-publish","has-post-thumbnail","hentry","product_cat-vino","pa_country-italy-ru","pa_region-piedmont-ru","pa_tips-red-wine-ru","pa_varietal-dolcetto-ru","pa_vendor-roagna-ru","pa_village-alba-ru"],"acf":[],"_links":{"self":[{"href":"https:\/\/nwold.test.decotec.lv\/ru\/wp-json\/wp\/v2\/product\/61036"}],"collection":[{"href":"https:\/\/nwold.test.decotec.lv\/ru\/wp-json\/wp\/v2\/product"}],"about":[{"href":"https:\/\/nwold.test.decotec.lv\/ru\/wp-json\/wp\/v2\/types\/product"}],"wp:featuredmedia":[{"embeddable":true,"href":"https:\/\/nwold.test.decotec.lv\/ru\/wp-json\/wp\/v2\/media\/60929"}],"wp:attachment":[{"href":"https:\/\/nwold.test.decotec.lv\/ru\/wp-json\/wp\/v2\/media?parent=61036"}],"wp:term":[{"taxonomy":"product_cat","embeddable":true,"href":"https:\/\/nwold.test.decotec.lv\/ru\/wp-json\/wp\/v2\/product_cat?post=61036"},{"taxonomy":"product_tag","embeddable":true,"href":"https:\/\/nwold.test.decotec.lv\/ru\/wp-json\/wp\/v2\/product_tag?post=61036"}],"curies":[{"name":"wp","href":"https:\/\/api.w.org\/{rel}","templated":true}]}}