{"id":61039,"date":"2023-05-18T14:08:10","date_gmt":"2023-05-18T11:08:10","guid":{"rendered":"https:\/\/noblewine.lv\/catalog\/uncategorized\/bourgogne-cote-dor-2021\/"},"modified":"2024-05-27T12:28:38","modified_gmt":"2024-05-27T09:28:38","slug":"bourgogne-cote-dor-2021","status":"publish","type":"product","link":"https:\/\/nwold.test.decotec.lv\/ru\/catalog\/vino\/bourgogne-cote-dor-2021\/","title":{"rendered":"Bourgogne Cote d&#8217;Or 2021"},"content":{"rendered":"","protected":false},"excerpt":{"rendered":"<p>&#8220;Arom\u0101t\u0101 j\u016btams sarkano ogu un saldo gar\u0161vielu balanss ar melno piparu not\u012bm. Gar\u0161a ir sul\u012bga, pikanta ar z\u012bdainiem tan\u012bniem un j\u016btam\u0101m \u0137ir\u0161u un saldo gar\u0161vielu not\u012bm. V\u012bns paredz\u0113ts baud\u012b\u0161anai kop\u0101 ar \u0113dienu.&#8221; \u2014 Ronalds P\u0113tersons, &#8220;Noble Wine&#8221; somelj\u0113<\/p>\n","protected":false},"featured_media":61040,"template":"","meta":[],"product_cat":[4114],"product_tag":[],"class_list":["post-61039","product","type-product","status-publish","has-post-thumbnail","hentry","product_cat-vino","pa_region-burgundy-ru","pa_tips-red-wine-ru","pa_varietal-pinot-noir-ru","pa_vendor-domaine-arnaud-baillot-ru","pa_village-regional-ru"],"acf":[],"_links":{"self":[{"href":"https:\/\/nwold.test.decotec.lv\/ru\/wp-json\/wp\/v2\/product\/61039"}],"collection":[{"href":"https:\/\/nwold.test.decotec.lv\/ru\/wp-json\/wp\/v2\/product"}],"about":[{"href":"https:\/\/nwold.test.decotec.lv\/ru\/wp-json\/wp\/v2\/types\/product"}],"wp:featuredmedia":[{"embeddable":true,"href":"https:\/\/nwold.test.decotec.lv\/ru\/wp-json\/wp\/v2\/media\/61040"}],"wp:attachment":[{"href":"https:\/\/nwold.test.decotec.lv\/ru\/wp-json\/wp\/v2\/media?parent=61039"}],"wp:term":[{"taxonomy":"product_cat","embeddable":true,"href":"https:\/\/nwold.test.decotec.lv\/ru\/wp-json\/wp\/v2\/product_cat?post=61039"},{"taxonomy":"product_tag","embeddable":true,"href":"https:\/\/nwold.test.decotec.lv\/ru\/wp-json\/wp\/v2\/product_tag?post=61039"}],"curies":[{"name":"wp","href":"https:\/\/api.w.org\/{rel}","templated":true}]}}