{"id":61042,"date":"2023-05-18T19:08:12","date_gmt":"2023-05-18T16:08:12","guid":{"rendered":"https:\/\/noblewine.lv\/catalog\/uncategorized\/rias-baixas-2022\/"},"modified":"2024-05-23T10:39:47","modified_gmt":"2024-05-23T07:39:47","slug":"rias-baixas-2022","status":"publish","type":"product","link":"https:\/\/nwold.test.decotec.lv\/ru\/catalog\/vino\/rias-baixas-2022\/","title":{"rendered":"Rias Baixas 2022"},"content":{"rendered":"","protected":false},"excerpt":{"rendered":"<p>&#8220;Arom\u0101t\u0101 j\u016btamas vani\u013cas, bi\u0161u vaska, bumbieru un nektar\u012bnu notis. Gar\u0161\u0101 v\u012bns ir sul\u012bgs, svaigs ar persiku un citrona mizas nians\u0113m. Tekst\u016bra ir krauk\u0161\u0137\u012bga. P\u0113cgar\u0161a ir ilga.&#8221; \u2014 Ronalds P\u0113tersons, &#8220;Noble Wine&#8221; somelj\u0113<\/p>\n","protected":false},"featured_media":48435,"template":"","meta":[],"product_cat":[4114],"product_tag":[],"class_list":["post-61042","product","type-product","status-publish","has-post-thumbnail","hentry","product_cat-vino","pa_country-spain-ru","pa_region-galicia-ru","pa_tips-beloe-vino","pa_varietal-albarino-ru","pa_vendor-pazo-senorans-ru","pa_village-rias-baixas-ru"],"acf":[],"_links":{"self":[{"href":"https:\/\/nwold.test.decotec.lv\/ru\/wp-json\/wp\/v2\/product\/61042"}],"collection":[{"href":"https:\/\/nwold.test.decotec.lv\/ru\/wp-json\/wp\/v2\/product"}],"about":[{"href":"https:\/\/nwold.test.decotec.lv\/ru\/wp-json\/wp\/v2\/types\/product"}],"wp:featuredmedia":[{"embeddable":true,"href":"https:\/\/nwold.test.decotec.lv\/ru\/wp-json\/wp\/v2\/media\/48435"}],"wp:attachment":[{"href":"https:\/\/nwold.test.decotec.lv\/ru\/wp-json\/wp\/v2\/media?parent=61042"}],"wp:term":[{"taxonomy":"product_cat","embeddable":true,"href":"https:\/\/nwold.test.decotec.lv\/ru\/wp-json\/wp\/v2\/product_cat?post=61042"},{"taxonomy":"product_tag","embeddable":true,"href":"https:\/\/nwold.test.decotec.lv\/ru\/wp-json\/wp\/v2\/product_tag?post=61042"}],"curies":[{"name":"wp","href":"https:\/\/api.w.org\/{rel}","templated":true}]}}