{"id":61047,"date":"2023-05-19T10:23:41","date_gmt":"2023-05-19T07:23:41","guid":{"rendered":"https:\/\/noblewine.lv\/catalog\/uncategorized\/spatburgunder-hohen-sultzen-alte-reben-vdp-erste-lage-2022\/"},"modified":"2024-05-20T15:34:39","modified_gmt":"2024-05-20T12:34:39","slug":"spatburgunder-hohen-sultzen-alte-reben-vdp-erste-lage-2022","status":"publish","type":"product","link":"https:\/\/nwold.test.decotec.lv\/ru\/catalog\/vino\/spatburgunder-hohen-sultzen-alte-reben-vdp-erste-lage-2022\/","title":{"rendered":"Spatburgunder &#8220;Hohen Sultzen Alte Reben&#8221; VDP Erste Lage 2022"},"content":{"rendered":"","protected":false},"excerpt":{"rendered":"<p>&#8220;Arom\u0101t\u0101 j\u016btamas \u0137ir\u0161u un gar\u0161vielu notis. Gar\u0161a ir sul\u012bga ar akt\u012bvu tan\u012bnu, gatavu sarkano ogu, \u0137ir\u0161u kauli\u0146u un riekstu nians\u0113m. Sul\u012bga un notur\u012bga p\u0113cgar\u0161a ar \u0137ir\u0161u not\u012bm.&#8221; \u2014 Ronalds P\u0113tersons, &#8220;Noble Wine&#8221; somelj\u0113<\/p>\n","protected":false},"featured_media":61048,"template":"","meta":[],"product_cat":[4114],"product_tag":[],"class_list":["post-61047","product","type-product","status-publish","has-post-thumbnail","hentry","product_cat-vino","pa_country-germany-ru","pa_region-rheinhessen-ru","pa_varietal-pinot-noir-ru","pa_vendor-battenfeld-spanier-ru"],"acf":[],"_links":{"self":[{"href":"https:\/\/nwold.test.decotec.lv\/ru\/wp-json\/wp\/v2\/product\/61047"}],"collection":[{"href":"https:\/\/nwold.test.decotec.lv\/ru\/wp-json\/wp\/v2\/product"}],"about":[{"href":"https:\/\/nwold.test.decotec.lv\/ru\/wp-json\/wp\/v2\/types\/product"}],"wp:featuredmedia":[{"embeddable":true,"href":"https:\/\/nwold.test.decotec.lv\/ru\/wp-json\/wp\/v2\/media\/61048"}],"wp:attachment":[{"href":"https:\/\/nwold.test.decotec.lv\/ru\/wp-json\/wp\/v2\/media?parent=61047"}],"wp:term":[{"taxonomy":"product_cat","embeddable":true,"href":"https:\/\/nwold.test.decotec.lv\/ru\/wp-json\/wp\/v2\/product_cat?post=61047"},{"taxonomy":"product_tag","embeddable":true,"href":"https:\/\/nwold.test.decotec.lv\/ru\/wp-json\/wp\/v2\/product_tag?post=61047"}],"curies":[{"name":"wp","href":"https:\/\/api.w.org\/{rel}","templated":true}]}}