{"id":61052,"date":"2023-05-19T11:53:37","date_gmt":"2023-05-19T08:53:37","guid":{"rendered":"https:\/\/noblewine.lv\/catalog\/uncategorized\/ribera-del-duero-pago-de-santa-cruz-2020\/"},"modified":"2024-05-20T10:34:21","modified_gmt":"2024-05-20T07:34:21","slug":"ribera-del-duero-pago-de-santa-cruz-2020","status":"publish","type":"product","link":"https:\/\/nwold.test.decotec.lv\/ru\/catalog\/vino\/ribera-del-duero-pago-de-santa-cruz-2020\/","title":{"rendered":"Ribera del Duero &#8220;Pago de Santa Cruz&#8221; 2020"},"content":{"rendered":"","protected":false},"excerpt":{"rendered":"<p>&#8220;Arom\u0101t\u0101 j\u016btams sarkano ogu sajaukuma, muskatrieksta, kafijas un d\u016bmu notis. Gar\u0161\u0101 v\u012bns ir vid\u0113jas miesas b\u016bves, aug\u013cains, sul\u012bgs ar tum\u0161o \u0137ir\u0161u un sauso gar\u0161vielu nians\u0113m. Tan\u012bni ir kr\u012btaini. P\u0113cgar\u0161a ir notur\u012bga.&#8221; \u2014 Ronalds P\u0113tersons, &#8220;Noble Wine&#8221; somelj\u0113<\/p>\n","protected":false},"featured_media":60473,"template":"","meta":[],"product_cat":[4114],"product_tag":[],"class_list":["post-61052","product","type-product","status-publish","has-post-thumbnail","hentry","product_cat-vino","pa_country-spain-ru","pa_region-catillia-y-leon-ru","pa_tips-red-wine-ru","pa_varietal-tempranillo-ru","pa_vendor-bodegas-vina-sastre-ru","pa_village-ribera-del-duero-ru"],"acf":[],"_links":{"self":[{"href":"https:\/\/nwold.test.decotec.lv\/ru\/wp-json\/wp\/v2\/product\/61052"}],"collection":[{"href":"https:\/\/nwold.test.decotec.lv\/ru\/wp-json\/wp\/v2\/product"}],"about":[{"href":"https:\/\/nwold.test.decotec.lv\/ru\/wp-json\/wp\/v2\/types\/product"}],"wp:featuredmedia":[{"embeddable":true,"href":"https:\/\/nwold.test.decotec.lv\/ru\/wp-json\/wp\/v2\/media\/60473"}],"wp:attachment":[{"href":"https:\/\/nwold.test.decotec.lv\/ru\/wp-json\/wp\/v2\/media?parent=61052"}],"wp:term":[{"taxonomy":"product_cat","embeddable":true,"href":"https:\/\/nwold.test.decotec.lv\/ru\/wp-json\/wp\/v2\/product_cat?post=61052"},{"taxonomy":"product_tag","embeddable":true,"href":"https:\/\/nwold.test.decotec.lv\/ru\/wp-json\/wp\/v2\/product_tag?post=61052"}],"curies":[{"name":"wp","href":"https:\/\/api.w.org\/{rel}","templated":true}]}}