{"id":61173,"date":"2023-06-26T17:04:43","date_gmt":"2023-06-26T14:04:43","guid":{"rendered":"https:\/\/noblewine.lv\/catalog\/uncategorized\/pouilly-fume-mademoiselle-de-t-2022\/"},"modified":"2024-05-25T22:29:09","modified_gmt":"2024-05-25T19:29:09","slug":"pouilly-fume-mademoiselle-de-t-2022","status":"publish","type":"product","link":"https:\/\/nwold.test.decotec.lv\/ru\/catalog\/vino\/pouilly-fume-mademoiselle-de-t-2022\/","title":{"rendered":"Pouilly-Fume &#8220;Mademoiselle de T&#8221; 2022"},"content":{"rendered":"","protected":false},"excerpt":{"rendered":"<p>&#8220;Arom\u0101ts ir svaigs, elegants ar mango, melones un kaisl\u012bbas aug\u013ca not\u012bm. Gar\u0161\u0101 v\u012bns ir sauss, svaigs ar izteikt\u0101m citrusa un za\u013cas z\u0101les nians\u0113m.&#8221; \u2014 Ronalds P\u0113tersons, &#8220;Noble Wine&#8221; somelj\u0113<\/p>\n","protected":false},"featured_media":61155,"template":"","meta":[],"product_cat":[4114],"product_tag":[],"class_list":["post-61173","product","type-product","status-publish","has-post-thumbnail","hentry","product_cat-vino","pa_country-france-ru","pa_region-loire-ru","pa_tips-beloe-vino","pa_varietal-sauvignon-blanc-ru","pa_vendor-chateau-de-tracy-ru","pa_village-pouilly-fume-ru"],"acf":[],"_links":{"self":[{"href":"https:\/\/nwold.test.decotec.lv\/ru\/wp-json\/wp\/v2\/product\/61173"}],"collection":[{"href":"https:\/\/nwold.test.decotec.lv\/ru\/wp-json\/wp\/v2\/product"}],"about":[{"href":"https:\/\/nwold.test.decotec.lv\/ru\/wp-json\/wp\/v2\/types\/product"}],"wp:featuredmedia":[{"embeddable":true,"href":"https:\/\/nwold.test.decotec.lv\/ru\/wp-json\/wp\/v2\/media\/61155"}],"wp:attachment":[{"href":"https:\/\/nwold.test.decotec.lv\/ru\/wp-json\/wp\/v2\/media?parent=61173"}],"wp:term":[{"taxonomy":"product_cat","embeddable":true,"href":"https:\/\/nwold.test.decotec.lv\/ru\/wp-json\/wp\/v2\/product_cat?post=61173"},{"taxonomy":"product_tag","embeddable":true,"href":"https:\/\/nwold.test.decotec.lv\/ru\/wp-json\/wp\/v2\/product_tag?post=61173"}],"curies":[{"name":"wp","href":"https:\/\/api.w.org\/{rel}","templated":true}]}}