{"id":61207,"date":"2023-05-30T09:03:51","date_gmt":"2023-05-30T06:03:51","guid":{"rendered":"https:\/\/noblewine.lv\/catalog\/uncategorized\/vigneti-delle-dolomiti-igt-pinot-grigio-2022\/"},"modified":"2024-05-24T22:59:28","modified_gmt":"2024-05-24T19:59:28","slug":"vigneti-delle-dolomiti-igt-pinot-grigio-2022","status":"publish","type":"product","link":"https:\/\/nwold.test.decotec.lv\/ru\/catalog\/vino\/vigneti-delle-dolomiti-igt-pinot-grigio-2022\/","title":{"rendered":"Vigneti delle Dolomiti IGT Pinot Grigio 2022"},"content":{"rendered":"","protected":false},"excerpt":{"rendered":"<p>&#8220;Arom\u0101ta ir j\u016btamas ak\u0101cijas, mande\u013cu un siena notis. Gar\u0161\u0101 v\u012bns ir sul\u012bgs, viegls ar citrusu un sul\u012bga \u0101bola nians\u0113m.&#8221; &#8211; Ronalds P\u0113tersons, &#8220;Noble Wine&#8221; somelj\u0113<\/p>\n","protected":false},"featured_media":61208,"template":"","meta":[],"product_cat":[4114],"product_tag":[],"class_list":["post-61207","product","type-product","status-publish","has-post-thumbnail","hentry","product_cat-vino","pa_country-italy-ru","pa_region-trentino-alto-adidge-ru","pa_tips-beloe-vino","pa_varietal-pinot-grigio-ru","pa_vendor-franz-haas-ru"],"acf":[],"_links":{"self":[{"href":"https:\/\/nwold.test.decotec.lv\/ru\/wp-json\/wp\/v2\/product\/61207"}],"collection":[{"href":"https:\/\/nwold.test.decotec.lv\/ru\/wp-json\/wp\/v2\/product"}],"about":[{"href":"https:\/\/nwold.test.decotec.lv\/ru\/wp-json\/wp\/v2\/types\/product"}],"wp:featuredmedia":[{"embeddable":true,"href":"https:\/\/nwold.test.decotec.lv\/ru\/wp-json\/wp\/v2\/media\/61208"}],"wp:attachment":[{"href":"https:\/\/nwold.test.decotec.lv\/ru\/wp-json\/wp\/v2\/media?parent=61207"}],"wp:term":[{"taxonomy":"product_cat","embeddable":true,"href":"https:\/\/nwold.test.decotec.lv\/ru\/wp-json\/wp\/v2\/product_cat?post=61207"},{"taxonomy":"product_tag","embeddable":true,"href":"https:\/\/nwold.test.decotec.lv\/ru\/wp-json\/wp\/v2\/product_tag?post=61207"}],"curies":[{"name":"wp","href":"https:\/\/api.w.org\/{rel}","templated":true}]}}