{"id":61521,"date":"2023-06-02T14:28:40","date_gmt":"2023-06-02T11:28:40","guid":{"rendered":"https:\/\/noblewine.lv\/catalog\/uncategorized\/conca-del-riu-anoia-de-nit-rosado-2021-demi\/"},"modified":"2024-05-25T22:29:26","modified_gmt":"2024-05-25T19:29:26","slug":"conca-del-riu-anoia-de-nit-rosado-2021-demi","status":"publish","type":"product","link":"https:\/\/nwold.test.decotec.lv\/ru\/catalog\/vino\/conca-del-riu-anoia-de-nit-rosado-2021-demi\/","title":{"rendered":"Conca del Riu Anoia &#8220;de Nit&#8221; Rosado 2021 Demi"},"content":{"rendered":"","protected":false},"excerpt":{"rendered":"<p>&#8220;Arom\u0101ta j\u016btamas sarkano \u0101bolu, d\u016bmu, j\u0101\u0146ogu un miner\u0101lu nianses. V\u012bns gar\u0161\u0101 ir \u013coti delik\u0101ts, sul\u012bgs ar miner\u0101l\u0101m not\u012bm, sarkano ogu nians\u0113m, k\u0101 ar\u012b ar z\u012bdainiem burbu\u013ciem. V\u012bnam ir ilga, eleganta p\u0113cgar\u0161a.&#8221; \u2014 Ronalds P\u0113tersons, &#8220;Noble Wine&#8221; somelj\u0113<\/p>\n","protected":false},"featured_media":61522,"template":"","meta":[],"product_cat":[4114],"product_tag":[],"class_list":["post-61521","product","type-product","status-publish","has-post-thumbnail","hentry","product_cat-vino","pa_country-spain-ru","pa_region-catalunya-ru","pa_varietal-macabeu-ru","pa_varietal-monastrell-ru","pa_varietal-parellada-ru","pa_varietal-xarel-lo-ru","pa_vendor-raventos-i-blanc-ru","pa_village-conca-del-riu-anoia-ru"],"acf":[],"_links":{"self":[{"href":"https:\/\/nwold.test.decotec.lv\/ru\/wp-json\/wp\/v2\/product\/61521"}],"collection":[{"href":"https:\/\/nwold.test.decotec.lv\/ru\/wp-json\/wp\/v2\/product"}],"about":[{"href":"https:\/\/nwold.test.decotec.lv\/ru\/wp-json\/wp\/v2\/types\/product"}],"wp:featuredmedia":[{"embeddable":true,"href":"https:\/\/nwold.test.decotec.lv\/ru\/wp-json\/wp\/v2\/media\/61522"}],"wp:attachment":[{"href":"https:\/\/nwold.test.decotec.lv\/ru\/wp-json\/wp\/v2\/media?parent=61521"}],"wp:term":[{"taxonomy":"product_cat","embeddable":true,"href":"https:\/\/nwold.test.decotec.lv\/ru\/wp-json\/wp\/v2\/product_cat?post=61521"},{"taxonomy":"product_tag","embeddable":true,"href":"https:\/\/nwold.test.decotec.lv\/ru\/wp-json\/wp\/v2\/product_tag?post=61521"}],"curies":[{"name":"wp","href":"https:\/\/api.w.org\/{rel}","templated":true}]}}