{"id":61545,"date":"2023-04-24T11:05:37","date_gmt":"2023-04-24T08:05:37","guid":{"rendered":"https:\/\/noblewine.lv\/catalog\/uncategorized\/collines-rhodaniennes-igp-roussanne-2021\/"},"modified":"2024-05-25T22:28:54","modified_gmt":"2024-05-25T19:28:54","slug":"collines-rhodaniennes-igp-roussanne-2021","status":"publish","type":"product","link":"https:\/\/nwold.test.decotec.lv\/ru\/catalog\/vino\/collines-rhodaniennes-igp-roussanne-2021\/","title":{"rendered":"Collines Rhodaniennes IGP &#8220;Roussanne&#8221; 2021"},"content":{"rendered":"","protected":false},"excerpt":{"rendered":"<p>&#8220;Arom\u0101t\u0101 j\u016btami baltie ziedi un citrusaug\u013ci. Gar\u0161\u0101 v\u012bns ir svaigs, ar aug\u013cain\u0101m not\u012bm p\u0113cgar\u0161\u0101.&#8221; \u2014 Ronalds P\u0113tersons, &#8220;Noble Wine&#8221; somelj\u0113<\/p>\n","protected":false},"featured_media":61546,"template":"","meta":[],"product_cat":[4114],"product_tag":[5836],"class_list":["post-61545","product","type-product","status-publish","has-post-thumbnail","hentry","product_cat-vino","product_tag-french_lovers-ru","pa_country-france-ru","pa_region-rhone-ru","pa_tips-beloe-vino","pa_varietal-roussane-ru","pa_vendor-yves-cuilleron-ru","pa_village-regional-ru"],"acf":[],"_links":{"self":[{"href":"https:\/\/nwold.test.decotec.lv\/ru\/wp-json\/wp\/v2\/product\/61545"}],"collection":[{"href":"https:\/\/nwold.test.decotec.lv\/ru\/wp-json\/wp\/v2\/product"}],"about":[{"href":"https:\/\/nwold.test.decotec.lv\/ru\/wp-json\/wp\/v2\/types\/product"}],"wp:featuredmedia":[{"embeddable":true,"href":"https:\/\/nwold.test.decotec.lv\/ru\/wp-json\/wp\/v2\/media\/61546"}],"wp:attachment":[{"href":"https:\/\/nwold.test.decotec.lv\/ru\/wp-json\/wp\/v2\/media?parent=61545"}],"wp:term":[{"taxonomy":"product_cat","embeddable":true,"href":"https:\/\/nwold.test.decotec.lv\/ru\/wp-json\/wp\/v2\/product_cat?post=61545"},{"taxonomy":"product_tag","embeddable":true,"href":"https:\/\/nwold.test.decotec.lv\/ru\/wp-json\/wp\/v2\/product_tag?post=61545"}],"curies":[{"name":"wp","href":"https:\/\/api.w.org\/{rel}","templated":true}]}}