{"id":61550,"date":"2023-05-19T10:23:38","date_gmt":"2023-05-19T07:23:38","guid":{"rendered":"https:\/\/noblewine.lv\/catalog\/uncategorized\/riesling-eisquell-trocken-2022\/"},"modified":"2024-05-25T21:56:49","modified_gmt":"2024-05-25T18:56:49","slug":"riesling-eisquell-trocken-2022","status":"publish","type":"product","link":"https:\/\/nwold.test.decotec.lv\/ru\/catalog\/vino\/riesling-eisquell-trocken-2022\/","title":{"rendered":"Riesling &#8220;Eisquell&#8221; Trocken 2022"},"content":{"rendered":"","protected":false},"excerpt":{"rendered":"<p>&#8220;Arom\u0101t\u0101 ir j\u016btama laima, gatavu za\u013co \u0101bolu un persiku notis. Gar\u0161\u0101 v\u012bns ir \u013coti sul\u012bgs, labi integr\u0113tu saldumu un za\u013c\u0101 \u0101bola nians\u0113m. P\u0113cgar\u0161a \u013coti gara.&#8221; &#8211; Ronalds P\u0113tersons, &#8220;Noble Wine&#8221; somelj\u0113<\/p>\n","protected":false},"featured_media":61551,"template":"","meta":[],"product_cat":[4114],"product_tag":[],"class_list":["post-61550","product","type-product","status-publish","has-post-thumbnail","hentry","product_cat-vino","pa_country-germany-ru","pa_region-rheinhessen-ru","pa_tips-beloe-vino","pa_varietal-riesling-ru","pa_vendor-battenfeld-spanier-ru"],"acf":[],"_links":{"self":[{"href":"https:\/\/nwold.test.decotec.lv\/ru\/wp-json\/wp\/v2\/product\/61550"}],"collection":[{"href":"https:\/\/nwold.test.decotec.lv\/ru\/wp-json\/wp\/v2\/product"}],"about":[{"href":"https:\/\/nwold.test.decotec.lv\/ru\/wp-json\/wp\/v2\/types\/product"}],"wp:featuredmedia":[{"embeddable":true,"href":"https:\/\/nwold.test.decotec.lv\/ru\/wp-json\/wp\/v2\/media\/61551"}],"wp:attachment":[{"href":"https:\/\/nwold.test.decotec.lv\/ru\/wp-json\/wp\/v2\/media?parent=61550"}],"wp:term":[{"taxonomy":"product_cat","embeddable":true,"href":"https:\/\/nwold.test.decotec.lv\/ru\/wp-json\/wp\/v2\/product_cat?post=61550"},{"taxonomy":"product_tag","embeddable":true,"href":"https:\/\/nwold.test.decotec.lv\/ru\/wp-json\/wp\/v2\/product_tag?post=61550"}],"curies":[{"name":"wp","href":"https:\/\/api.w.org\/{rel}","templated":true}]}}