{"id":61567,"date":"2023-04-24T11:05:36","date_gmt":"2023-04-24T08:05:36","guid":{"rendered":"https:\/\/noblewine.lv\/catalog\/uncategorized\/condrieu-chaillets-2021\/"},"modified":"2024-05-17T22:19:43","modified_gmt":"2024-05-17T19:19:43","slug":"condrieu-chaillets-2021","status":"publish","type":"product","link":"https:\/\/nwold.test.decotec.lv\/ru\/catalog\/vino\/condrieu-chaillets-2021\/","title":{"rendered":"Condrieu &#8220;Chaillets&#8221; 2021"},"content":{"rendered":"","protected":false},"excerpt":{"rendered":"<p>&#8220;Arom\u0101t\u0101 j\u016btamas aprikozes, persiki, saldas gar\u0161vielas, k\u0101 ar\u012b miner\u0101las notis. Gar\u0161\u0101 v\u012bns ir svaigs, elegants, ar gran\u012bta un grauzd\u0113tas brio\u0161es nians\u0113m p\u0113cgar\u0161\u0101. Gastronomisks v\u012bns.&#8221; \u2014 Ronalds P\u0113tersons, &#8220;Noble Wine&#8221; somelj\u0113<\/p>\n","protected":false},"featured_media":61568,"template":"","meta":[],"product_cat":[4114],"product_tag":[],"class_list":["post-61567","product","type-product","status-publish","has-post-thumbnail","hentry","product_cat-vino","pa_country-france-ru","pa_region-rhone-ru","pa_tips-beloe-vino","pa_varietal-viognier-ru","pa_vendor-yves-cuilleron-ru","pa_village-condrieu-ru"],"acf":[],"_links":{"self":[{"href":"https:\/\/nwold.test.decotec.lv\/ru\/wp-json\/wp\/v2\/product\/61567"}],"collection":[{"href":"https:\/\/nwold.test.decotec.lv\/ru\/wp-json\/wp\/v2\/product"}],"about":[{"href":"https:\/\/nwold.test.decotec.lv\/ru\/wp-json\/wp\/v2\/types\/product"}],"wp:featuredmedia":[{"embeddable":true,"href":"https:\/\/nwold.test.decotec.lv\/ru\/wp-json\/wp\/v2\/media\/61568"}],"wp:attachment":[{"href":"https:\/\/nwold.test.decotec.lv\/ru\/wp-json\/wp\/v2\/media?parent=61567"}],"wp:term":[{"taxonomy":"product_cat","embeddable":true,"href":"https:\/\/nwold.test.decotec.lv\/ru\/wp-json\/wp\/v2\/product_cat?post=61567"},{"taxonomy":"product_tag","embeddable":true,"href":"https:\/\/nwold.test.decotec.lv\/ru\/wp-json\/wp\/v2\/product_tag?post=61567"}],"curies":[{"name":"wp","href":"https:\/\/api.w.org\/{rel}","templated":true}]}}