{"id":61645,"date":"2023-07-18T15:08:47","date_gmt":"2023-07-18T12:08:47","guid":{"rendered":"https:\/\/noblewine.lv\/?post_type=product&#038;p=61645"},"modified":"2024-05-20T10:34:45","modified_gmt":"2024-05-20T07:34:45","slug":"beaune-1er-cru-clos-des-aigrots-2018-rouge","status":"publish","type":"product","link":"https:\/\/nwold.test.decotec.lv\/ru\/catalog\/vino\/beaune-1er-cru-clos-des-aigrots-2018-rouge\/","title":{"rendered":"Beaune 1er Cru &#8220;Clos des Aigrots&#8221; 2018 Rouge"},"content":{"rendered":"","protected":false},"excerpt":{"rendered":"<p>&#8220;Arom\u0101ts ir \u013coti maigs ar gatavu ave\u0146u, zeme\u0146u un \u0137ir\u0161u not\u012bm. Gar\u0161a ir sul\u012bga un v\u012bn\u0101 ir j\u016btamas \u0137ir\u0161u, zeme\u0146u un d\u016bmu notis. Izcils v\u012bns katrai dienai.&#8221;  \u2014 Ronalds P\u0113tersons, &#8220;Noble Wine&#8221; somelj\u0113<\/p>\n","protected":false},"featured_media":0,"template":"","meta":[],"product_cat":[4114],"product_tag":[],"class_list":["post-61645","product","type-product","status-publish","hentry","product_cat-vino","pa_region-burgundy-ru","pa_tips-red-wine-ru","pa_varietal-pinot-noir-ru","pa_vendor-vincent-girardin-ru","pa_village-beaune-ru"],"acf":[],"_links":{"self":[{"href":"https:\/\/nwold.test.decotec.lv\/ru\/wp-json\/wp\/v2\/product\/61645"}],"collection":[{"href":"https:\/\/nwold.test.decotec.lv\/ru\/wp-json\/wp\/v2\/product"}],"about":[{"href":"https:\/\/nwold.test.decotec.lv\/ru\/wp-json\/wp\/v2\/types\/product"}],"wp:attachment":[{"href":"https:\/\/nwold.test.decotec.lv\/ru\/wp-json\/wp\/v2\/media?parent=61645"}],"wp:term":[{"taxonomy":"product_cat","embeddable":true,"href":"https:\/\/nwold.test.decotec.lv\/ru\/wp-json\/wp\/v2\/product_cat?post=61645"},{"taxonomy":"product_tag","embeddable":true,"href":"https:\/\/nwold.test.decotec.lv\/ru\/wp-json\/wp\/v2\/product_tag?post=61645"}],"curies":[{"name":"wp","href":"https:\/\/api.w.org\/{rel}","templated":true}]}}