{"id":61747,"date":"2023-07-28T09:21:09","date_gmt":"2023-07-28T06:21:09","guid":{"rendered":"https:\/\/noblewine.lv\/catalog\/uncategorized\/alto-adige-muller-thurgau-doc-graun-2021\/"},"modified":"2024-05-23T22:44:59","modified_gmt":"2024-05-23T19:44:59","slug":"alto-adige-muller-thurgau-doc-graun-2021","status":"publish","type":"product","link":"https:\/\/nwold.test.decotec.lv\/ru\/catalog\/vino\/alto-adige-muller-thurgau-doc-graun-2021\/","title":{"rendered":"Alto Adige Muller Thurgau DOC &#8220;Graun&#8221; 2021"},"content":{"rendered":"","protected":false},"excerpt":{"rendered":"<p>&#8220;Arom\u0101ta ir j\u016btama kr\u012bta, krama un za\u013co \u0101bolu notis. Gar\u0161\u0101 v\u012bns ir sul\u012bgs, viegls ar citrusu un sul\u012bga \u0101bola nians\u0113m.&#8221; &#8211; Ronalds P\u0113tersons, &#8220;Noble Wine&#8221; somelj\u0113<\/p>\n","protected":false},"featured_media":61151,"template":"","meta":[],"product_cat":[4114],"product_tag":[],"class_list":["post-61747","product","type-product","status-publish","has-post-thumbnail","hentry","product_cat-vino","pa_country-france-ru","pa_region-champagne-ru","pa_tips-beloe-vino","pa_varietal-muller-thurgau-ru","pa_vendor-kurtatsch-ru"],"acf":[],"_links":{"self":[{"href":"https:\/\/nwold.test.decotec.lv\/ru\/wp-json\/wp\/v2\/product\/61747"}],"collection":[{"href":"https:\/\/nwold.test.decotec.lv\/ru\/wp-json\/wp\/v2\/product"}],"about":[{"href":"https:\/\/nwold.test.decotec.lv\/ru\/wp-json\/wp\/v2\/types\/product"}],"wp:featuredmedia":[{"embeddable":true,"href":"https:\/\/nwold.test.decotec.lv\/ru\/wp-json\/wp\/v2\/media\/61151"}],"wp:attachment":[{"href":"https:\/\/nwold.test.decotec.lv\/ru\/wp-json\/wp\/v2\/media?parent=61747"}],"wp:term":[{"taxonomy":"product_cat","embeddable":true,"href":"https:\/\/nwold.test.decotec.lv\/ru\/wp-json\/wp\/v2\/product_cat?post=61747"},{"taxonomy":"product_tag","embeddable":true,"href":"https:\/\/nwold.test.decotec.lv\/ru\/wp-json\/wp\/v2\/product_tag?post=61747"}],"curies":[{"name":"wp","href":"https:\/\/api.w.org\/{rel}","templated":true}]}}