{"id":61768,"date":"2023-07-28T13:51:10","date_gmt":"2023-07-28T10:51:10","guid":{"rendered":"https:\/\/noblewine.lv\/catalog\/uncategorized\/anjou-clos-de-la-casse-2021\/"},"modified":"2024-04-24T09:41:12","modified_gmt":"2024-04-24T06:41:12","slug":"anjou-clos-de-la-casse-2021","status":"publish","type":"product","link":"https:\/\/nwold.test.decotec.lv\/ru\/catalog\/vino\/anjou-clos-de-la-casse-2021\/","title":{"rendered":"Anjou &#8220;Clos de la Casse&#8221; 2021"},"content":{"rendered":"","protected":false},"excerpt":{"rendered":"<p>&#8220;Arom\u0101ts ir elegants, ar flo\u0101l\u0101m not\u012bm. Gar\u0161\u0101 v\u012bns ir intens\u012bvs, svaigs, ar p\u013cavas ziedu un vani\u013cas nians\u0113m.&#8221; \u2014 Ronalds P\u0113tersons, &#8220;Noble Wine&#8221; somelj\u0113<\/p>\n","protected":false},"featured_media":60885,"template":"","meta":[],"product_cat":[4114],"product_tag":[],"class_list":["post-61768","product","type-product","status-publish","has-post-thumbnail","hentry","product_cat-vino","pa_country-france-ru","pa_region-loire-ru","pa_tips-beloe-vino","pa_varietal-chenin-blanc-ru","pa_vendor-domaine-des-deux-vallees-ru","pa_village-anjou-ru"],"acf":[],"_links":{"self":[{"href":"https:\/\/nwold.test.decotec.lv\/ru\/wp-json\/wp\/v2\/product\/61768"}],"collection":[{"href":"https:\/\/nwold.test.decotec.lv\/ru\/wp-json\/wp\/v2\/product"}],"about":[{"href":"https:\/\/nwold.test.decotec.lv\/ru\/wp-json\/wp\/v2\/types\/product"}],"wp:featuredmedia":[{"embeddable":true,"href":"https:\/\/nwold.test.decotec.lv\/ru\/wp-json\/wp\/v2\/media\/60885"}],"wp:attachment":[{"href":"https:\/\/nwold.test.decotec.lv\/ru\/wp-json\/wp\/v2\/media?parent=61768"}],"wp:term":[{"taxonomy":"product_cat","embeddable":true,"href":"https:\/\/nwold.test.decotec.lv\/ru\/wp-json\/wp\/v2\/product_cat?post=61768"},{"taxonomy":"product_tag","embeddable":true,"href":"https:\/\/nwold.test.decotec.lv\/ru\/wp-json\/wp\/v2\/product_tag?post=61768"}],"curies":[{"name":"wp","href":"https:\/\/api.w.org\/{rel}","templated":true}]}}