{"id":61771,"date":"2023-07-28T14:21:10","date_gmt":"2023-07-28T11:21:10","guid":{"rendered":"https:\/\/noblewine.lv\/catalog\/uncategorized\/falanghina-igt-2021\/"},"modified":"2024-05-23T22:44:24","modified_gmt":"2024-05-23T19:44:24","slug":"falanghina-igt-2021","status":"publish","type":"product","link":"https:\/\/nwold.test.decotec.lv\/ru\/catalog\/vino\/falanghina-igt-2021\/","title":{"rendered":"Falanghina IGT 2021"},"content":{"rendered":"","protected":false},"excerpt":{"rendered":"<p>\u201cV\u012bnam rakstur\u012bga bumbieru, baldo ziedu un citrusu arom\u0101ts, kur\u0101 ir maigas piparu nianses. Gar\u0161a ir sabalans\u0113ta, svaiga, pikanta, citronu mizu nians\u0113m. Gara, svaiga p\u0113cgar\u0161a.\u201d \u2013 Ronalds P\u0113tersons, \u201cNoble Wine\u201d somelj\u0113<\/p>\n","protected":false},"featured_media":48739,"template":"","meta":[],"product_cat":[4114],"product_tag":[3133],"class_list":["post-61771","product","type-product","status-publish","has-post-thumbnail","hentry","product_cat-vino","product_tag-biggest-saving-ru","pa_country-italy-ru","pa_region-campania-ru","pa_tips-beloe-vino","pa_varietal-falanghina-ru","pa_vendor-antonio-caggiano-s-s-ru"],"acf":[],"_links":{"self":[{"href":"https:\/\/nwold.test.decotec.lv\/ru\/wp-json\/wp\/v2\/product\/61771"}],"collection":[{"href":"https:\/\/nwold.test.decotec.lv\/ru\/wp-json\/wp\/v2\/product"}],"about":[{"href":"https:\/\/nwold.test.decotec.lv\/ru\/wp-json\/wp\/v2\/types\/product"}],"wp:featuredmedia":[{"embeddable":true,"href":"https:\/\/nwold.test.decotec.lv\/ru\/wp-json\/wp\/v2\/media\/48739"}],"wp:attachment":[{"href":"https:\/\/nwold.test.decotec.lv\/ru\/wp-json\/wp\/v2\/media?parent=61771"}],"wp:term":[{"taxonomy":"product_cat","embeddable":true,"href":"https:\/\/nwold.test.decotec.lv\/ru\/wp-json\/wp\/v2\/product_cat?post=61771"},{"taxonomy":"product_tag","embeddable":true,"href":"https:\/\/nwold.test.decotec.lv\/ru\/wp-json\/wp\/v2\/product_tag?post=61771"}],"curies":[{"name":"wp","href":"https:\/\/api.w.org\/{rel}","templated":true}]}}