{"id":61883,"date":"2023-07-07T16:33:22","date_gmt":"2023-07-07T13:33:22","guid":{"rendered":"https:\/\/noblewine.lv\/catalog\/uncategorized\/brut-nature-blanc-de-noirs-genereuse-nv\/"},"modified":"2024-05-27T12:30:09","modified_gmt":"2024-05-27T09:30:09","slug":"brut-nature-blanc-de-noirs-genereuse-nv","status":"publish","type":"product","link":"https:\/\/nwold.test.decotec.lv\/ru\/catalog\/vino\/brut-nature-blanc-de-noirs-genereuse-nv\/","title":{"rendered":"Brut Nature Blanc de Noirs &#8220;G\u00e9n\u00e9reuse&#8221; NV"},"content":{"rendered":"","protected":false},"excerpt":{"rendered":"<p>&#8220;Arom\u0101t\u0101 j\u016btams gatavs sarkanais \u0101bols, rudens ziedi un ka\u013c\u0137a notis. Gar\u0161\u0101 j\u016btams aug\u013cainums, gatavs dzirdrais \u0101bols, karamele, kan\u0113lis.&#8221; \u2014 Ronalds P\u0113tersons, &#8220;Noble Wine&#8221; somelj\u0113<\/p>\n","protected":false},"featured_media":61884,"template":"","meta":[],"product_cat":[4114],"product_tag":[],"class_list":["post-61883","product","type-product","status-publish","has-post-thumbnail","hentry","product_cat-vino","pa_country-france-ru","pa_region-champagne-ru","pa_varietal-pinot-meunier-ru","pa_vendor-pinot-chevauchet-ru","pa_village-blanc-de-noirs-ru"],"acf":[],"_links":{"self":[{"href":"https:\/\/nwold.test.decotec.lv\/ru\/wp-json\/wp\/v2\/product\/61883"}],"collection":[{"href":"https:\/\/nwold.test.decotec.lv\/ru\/wp-json\/wp\/v2\/product"}],"about":[{"href":"https:\/\/nwold.test.decotec.lv\/ru\/wp-json\/wp\/v2\/types\/product"}],"wp:featuredmedia":[{"embeddable":true,"href":"https:\/\/nwold.test.decotec.lv\/ru\/wp-json\/wp\/v2\/media\/61884"}],"wp:attachment":[{"href":"https:\/\/nwold.test.decotec.lv\/ru\/wp-json\/wp\/v2\/media?parent=61883"}],"wp:term":[{"taxonomy":"product_cat","embeddable":true,"href":"https:\/\/nwold.test.decotec.lv\/ru\/wp-json\/wp\/v2\/product_cat?post=61883"},{"taxonomy":"product_tag","embeddable":true,"href":"https:\/\/nwold.test.decotec.lv\/ru\/wp-json\/wp\/v2\/product_tag?post=61883"}],"curies":[{"name":"wp","href":"https:\/\/api.w.org\/{rel}","templated":true}]}}