{"id":61905,"date":"2023-06-13T14:43:37","date_gmt":"2023-06-13T11:43:37","guid":{"rendered":"https:\/\/noblewine.lv\/catalog\/uncategorized\/rioja-reserva-2019\/"},"modified":"2024-05-23T14:10:06","modified_gmt":"2024-05-23T11:10:06","slug":"rioja-reserva-2019","status":"publish","type":"product","link":"https:\/\/nwold.test.decotec.lv\/ru\/catalog\/vino\/rioja-reserva-2019\/","title":{"rendered":"Rioja Reserva 2019"},"content":{"rendered":"","protected":false},"excerpt":{"rendered":"<p>&#8220;Arom\u0101t\u0101 j\u016btami gatavu \u0137ir\u0161u, pikanto gar\u0161vielu un sarkano ogu notis. Gar\u0161\u0101 v\u012bns ir vid\u0113jas miesas b\u016bves, aug\u013cains, sul\u012bgs ar sarkano ogu un sauso gar\u0161vielu nians\u0113m. Tan\u012bni ir kr\u012btaini. P\u0113cgar\u0161a ir notur\u012bga.&#8221; \u2014 Ronalds P\u0113tersons, &#8220;Noble Wine&#8221; somelj\u0113<\/p>\n","protected":false},"featured_media":39027,"template":"","meta":[],"product_cat":[4114],"product_tag":[],"class_list":["post-61905","product","type-product","status-publish","has-post-thumbnail","hentry","product_cat-vino","pa_tips-red-wine-ru","pa_varietal-garnacha-ru","pa_varietal-graciano-ru","pa_varietal-mazuelo-ru","pa_varietal-tempranillo-ru","pa_vendor-bodegas-muga-ru"],"acf":[],"_links":{"self":[{"href":"https:\/\/nwold.test.decotec.lv\/ru\/wp-json\/wp\/v2\/product\/61905"}],"collection":[{"href":"https:\/\/nwold.test.decotec.lv\/ru\/wp-json\/wp\/v2\/product"}],"about":[{"href":"https:\/\/nwold.test.decotec.lv\/ru\/wp-json\/wp\/v2\/types\/product"}],"wp:featuredmedia":[{"embeddable":true,"href":"https:\/\/nwold.test.decotec.lv\/ru\/wp-json\/wp\/v2\/media\/39027"}],"wp:attachment":[{"href":"https:\/\/nwold.test.decotec.lv\/ru\/wp-json\/wp\/v2\/media?parent=61905"}],"wp:term":[{"taxonomy":"product_cat","embeddable":true,"href":"https:\/\/nwold.test.decotec.lv\/ru\/wp-json\/wp\/v2\/product_cat?post=61905"},{"taxonomy":"product_tag","embeddable":true,"href":"https:\/\/nwold.test.decotec.lv\/ru\/wp-json\/wp\/v2\/product_tag?post=61905"}],"curies":[{"name":"wp","href":"https:\/\/api.w.org\/{rel}","templated":true}]}}