{"id":62107,"date":"2023-07-18T15:08:45","date_gmt":"2023-07-18T12:08:45","guid":{"rendered":"https:\/\/noblewine.lv\/catalog\/uncategorized\/bourgogne-saint-vincent-2021\/"},"modified":"2024-05-22T22:44:54","modified_gmt":"2024-05-22T19:44:54","slug":"bourgogne-saint-vincent-2021","status":"publish","type":"product","link":"https:\/\/nwold.test.decotec.lv\/ru\/catalog\/vino\/bourgogne-saint-vincent-2021\/","title":{"rendered":"Bourgogne &#8220;Saint Vincent&#8221; 2021"},"content":{"rendered":"","protected":false},"excerpt":{"rendered":"<p>&#8220;Arom\u0101ts ir \u013coti maigs ar gatavu ave\u0146u, zeme\u0146u un \u0137ir\u0161u not\u012bm. Gar\u0161a ir sul\u012bga un v\u012bn\u0101 ir j\u016btamas \u0137ir\u0161u, zeme\u0146u un d\u016bmu notis. Izcils v\u012bns katrai dienai.&#8221; \u2014 Ronalds P\u0113tersons, &#8220;Noble Wine&#8221; somelj\u0113<\/p>\n","protected":false},"featured_media":62108,"template":"","meta":[],"product_cat":[4114],"product_tag":[],"class_list":["post-62107","product","type-product","status-publish","has-post-thumbnail","hentry","product_cat-vino","pa_country-france-ru","pa_region-burgundy-ru","pa_tips-red-wine-ru","pa_varietal-pinot-noir-ru","pa_vendor-vincent-girardin-ru","pa_village-regional-ru"],"acf":[],"_links":{"self":[{"href":"https:\/\/nwold.test.decotec.lv\/ru\/wp-json\/wp\/v2\/product\/62107"}],"collection":[{"href":"https:\/\/nwold.test.decotec.lv\/ru\/wp-json\/wp\/v2\/product"}],"about":[{"href":"https:\/\/nwold.test.decotec.lv\/ru\/wp-json\/wp\/v2\/types\/product"}],"wp:featuredmedia":[{"embeddable":true,"href":"https:\/\/nwold.test.decotec.lv\/ru\/wp-json\/wp\/v2\/media\/62108"}],"wp:attachment":[{"href":"https:\/\/nwold.test.decotec.lv\/ru\/wp-json\/wp\/v2\/media?parent=62107"}],"wp:term":[{"taxonomy":"product_cat","embeddable":true,"href":"https:\/\/nwold.test.decotec.lv\/ru\/wp-json\/wp\/v2\/product_cat?post=62107"},{"taxonomy":"product_tag","embeddable":true,"href":"https:\/\/nwold.test.decotec.lv\/ru\/wp-json\/wp\/v2\/product_tag?post=62107"}],"curies":[{"name":"wp","href":"https:\/\/api.w.org\/{rel}","templated":true}]}}