{"id":62223,"date":"2023-08-30T14:13:03","date_gmt":"2023-08-30T11:13:03","guid":{"rendered":"https:\/\/noblewine.lv\/catalog\/uncategorized\/toscana-igp-paleo-2021\/"},"modified":"2024-04-18T15:51:44","modified_gmt":"2024-04-18T12:51:44","slug":"toscana-igp-paleo-2021","status":"publish","type":"product","link":"https:\/\/nwold.test.decotec.lv\/ru\/catalog\/vino\/toscana-igp-paleo-2021\/","title":{"rendered":"Toscana IGP &#8220;Paleo&#8221; 2021"},"content":{"rendered":"","protected":false},"excerpt":{"rendered":"<p>\u201cV\u012bnam rakstur\u012bgas izteiktas tropisko aug\u013cu, sviesta un vani\u013cas arom\u0101tu notis. Gar\u0161a ir maiga un pilmies\u012bga ar gatavu citrusaug\u013cu un persiku nians\u0113m.&#8221; \u2013 Ronalds P\u0113tersons, \u201cNoble Wine\u201d somelj\u0113<\/p>\n","protected":false},"featured_media":62224,"template":"","meta":[],"product_cat":[4114],"product_tag":[],"class_list":["post-62223","product","type-product","status-publish","has-post-thumbnail","hentry","product_cat-vino","pa_country-italy-ru","pa_region-toscana-ru","pa_tips-beloe-vino","pa_varietal-chardonnay-ru","pa_varietal-sauvignon-blanc-ru","pa_vendor-le-macchiole-ru","pa_village-igt-ru"],"acf":[],"_links":{"self":[{"href":"https:\/\/nwold.test.decotec.lv\/ru\/wp-json\/wp\/v2\/product\/62223"}],"collection":[{"href":"https:\/\/nwold.test.decotec.lv\/ru\/wp-json\/wp\/v2\/product"}],"about":[{"href":"https:\/\/nwold.test.decotec.lv\/ru\/wp-json\/wp\/v2\/types\/product"}],"wp:featuredmedia":[{"embeddable":true,"href":"https:\/\/nwold.test.decotec.lv\/ru\/wp-json\/wp\/v2\/media\/62224"}],"wp:attachment":[{"href":"https:\/\/nwold.test.decotec.lv\/ru\/wp-json\/wp\/v2\/media?parent=62223"}],"wp:term":[{"taxonomy":"product_cat","embeddable":true,"href":"https:\/\/nwold.test.decotec.lv\/ru\/wp-json\/wp\/v2\/product_cat?post=62223"},{"taxonomy":"product_tag","embeddable":true,"href":"https:\/\/nwold.test.decotec.lv\/ru\/wp-json\/wp\/v2\/product_tag?post=62223"}],"curies":[{"name":"wp","href":"https:\/\/api.w.org\/{rel}","templated":true}]}}