{"id":62234,"date":"2023-08-31T14:48:58","date_gmt":"2023-08-31T11:48:58","guid":{"rendered":"https:\/\/noblewine.lv\/catalog\/uncategorized\/toscana-igp-scrio-2019\/"},"modified":"2024-04-18T15:51:40","modified_gmt":"2024-04-18T12:51:40","slug":"toscana-igp-scrio-2019","status":"publish","type":"product","link":"https:\/\/nwold.test.decotec.lv\/ru\/catalog\/vino\/toscana-igp-scrio-2019\/","title":{"rendered":"Toscana IGP &#8220;Scrio&#8221; 2019"},"content":{"rendered":"","protected":false},"excerpt":{"rendered":"<p>&#8220;Arom\u0101t\u0101 jau\u0161amas gatavu sarkano aug\u013cu, mokas un balzamiko nianses. Gar\u0161a ir intens\u012bva, svaiga un sul\u012bga, tan\u012bni ir maigi, p\u0113cga\u0161a \u013coti ilga.&#8221; \u2014 Ronalds P\u0113tersons, &#8220;Noble Wine&#8221; somelj\u0113<\/p>\n","protected":false},"featured_media":62235,"template":"","meta":[],"product_cat":[4114],"product_tag":[],"class_list":["post-62234","product","type-product","status-publish","has-post-thumbnail","hentry","product_cat-vino","pa_country-italy-ru","pa_region-toscana-ru","pa_tips-red-wine-ru","pa_varietal-syrah-ru","pa_vendor-le-macchiole-ru","pa_village-igt-ru"],"acf":[],"_links":{"self":[{"href":"https:\/\/nwold.test.decotec.lv\/ru\/wp-json\/wp\/v2\/product\/62234"}],"collection":[{"href":"https:\/\/nwold.test.decotec.lv\/ru\/wp-json\/wp\/v2\/product"}],"about":[{"href":"https:\/\/nwold.test.decotec.lv\/ru\/wp-json\/wp\/v2\/types\/product"}],"wp:featuredmedia":[{"embeddable":true,"href":"https:\/\/nwold.test.decotec.lv\/ru\/wp-json\/wp\/v2\/media\/62235"}],"wp:attachment":[{"href":"https:\/\/nwold.test.decotec.lv\/ru\/wp-json\/wp\/v2\/media?parent=62234"}],"wp:term":[{"taxonomy":"product_cat","embeddable":true,"href":"https:\/\/nwold.test.decotec.lv\/ru\/wp-json\/wp\/v2\/product_cat?post=62234"},{"taxonomy":"product_tag","embeddable":true,"href":"https:\/\/nwold.test.decotec.lv\/ru\/wp-json\/wp\/v2\/product_tag?post=62234"}],"curies":[{"name":"wp","href":"https:\/\/api.w.org\/{rel}","templated":true}]}}