{"id":62294,"date":"2023-08-14T09:47:10","date_gmt":"2023-08-14T06:47:10","guid":{"rendered":"https:\/\/noblewine.lv\/catalog\/uncategorized\/rioja-monopole-seco-2019\/"},"modified":"2024-05-24T07:50:07","modified_gmt":"2024-05-24T04:50:07","slug":"rioja-monopole-seco-2019","status":"publish","type":"product","link":"https:\/\/nwold.test.decotec.lv\/ru\/catalog\/vino\/rioja-monopole-seco-2019\/","title":{"rendered":"Rioja &#8220;Monopole Seco&#8221; 2019"},"content":{"rendered":"","protected":false},"excerpt":{"rendered":"<p>&#8220;Arom\u0101t\u0101 j\u016btamas d\u016bmu, vani\u013cas, apriko\u017eu un saldo gar\u0161vielu notis. Gar\u0161a ir eleganta, svaiga, sul\u012bga un ar tabakas not\u012bm. P\u0113cgar\u0161a ir \u013coti gara.&#8221; \u2014 Ronalds P\u0113tersons, &#8220;Noble Wine&#8221; somelj\u0113<\/p>\n","protected":false},"featured_media":48643,"template":"","meta":[],"product_cat":[4114],"product_tag":[],"class_list":["post-62294","product","type-product","status-publish","has-post-thumbnail","hentry","product_cat-vino","pa_country-spain-ru","pa_region-rioja-ru","pa_tips-beloe-vino","pa_varietal-un-citas-skirnes-ru","pa_varietal-viura-ru","pa_vendor-cvne-monopole-ru"],"acf":[],"_links":{"self":[{"href":"https:\/\/nwold.test.decotec.lv\/ru\/wp-json\/wp\/v2\/product\/62294"}],"collection":[{"href":"https:\/\/nwold.test.decotec.lv\/ru\/wp-json\/wp\/v2\/product"}],"about":[{"href":"https:\/\/nwold.test.decotec.lv\/ru\/wp-json\/wp\/v2\/types\/product"}],"wp:featuredmedia":[{"embeddable":true,"href":"https:\/\/nwold.test.decotec.lv\/ru\/wp-json\/wp\/v2\/media\/48643"}],"wp:attachment":[{"href":"https:\/\/nwold.test.decotec.lv\/ru\/wp-json\/wp\/v2\/media?parent=62294"}],"wp:term":[{"taxonomy":"product_cat","embeddable":true,"href":"https:\/\/nwold.test.decotec.lv\/ru\/wp-json\/wp\/v2\/product_cat?post=62294"},{"taxonomy":"product_tag","embeddable":true,"href":"https:\/\/nwold.test.decotec.lv\/ru\/wp-json\/wp\/v2\/product_tag?post=62294"}],"curies":[{"name":"wp","href":"https:\/\/api.w.org\/{rel}","templated":true}]}}