{"id":62299,"date":"2023-08-14T09:47:07","date_gmt":"2023-08-14T06:47:07","guid":{"rendered":"https:\/\/noblewine.lv\/catalog\/uncategorized\/rioja-gran-reserva-contino-2017\/"},"modified":"2024-05-20T10:34:48","modified_gmt":"2024-05-20T07:34:48","slug":"rioja-gran-reserva-contino-2017","status":"publish","type":"product","link":"https:\/\/nwold.test.decotec.lv\/ru\/catalog\/vino\/rioja-gran-reserva-contino-2017\/","title":{"rendered":"Rioja Gran Reserva &#8220;Contino&#8221; 2017"},"content":{"rendered":"","protected":false},"excerpt":{"rendered":"<p>&#8220;Arom\u0101t\u0101 j\u016btami gatavu kaze\u0146u ogu, melle\u0146u, pikanto un saldo gar\u0161vielu notis. Gar\u0161\u0101 v\u012bns ir vid\u0113jas miesas b\u016bves, sul\u012bgu, intens\u012bvu \u017e\u0101v\u0113tu tum\u0161o ogu un sauso gar\u0161vielu nians\u0113m. Tan\u012bni ir z\u012bdaini. P\u0113cgar\u0161a ir notur\u012bga.&#8221; \u2014 Ronalds P\u0113tersons, &#8220;Noble Wine&#8221; somelj\u0113<\/p>\n","protected":false},"featured_media":60641,"template":"","meta":[],"product_cat":[4114],"product_tag":[],"class_list":["post-62299","product","type-product","status-publish","has-post-thumbnail","hentry","product_cat-vino","pa_region-rioja-ru","pa_tips-red-wine-ru","pa_varietal-garnacha-ru","pa_varietal-graciano-ru","pa_varietal-mazuelo-ru","pa_varietal-tempranillo-ru","pa_vendor-cvne-vinedos-del-contino-ru"],"acf":[],"_links":{"self":[{"href":"https:\/\/nwold.test.decotec.lv\/ru\/wp-json\/wp\/v2\/product\/62299"}],"collection":[{"href":"https:\/\/nwold.test.decotec.lv\/ru\/wp-json\/wp\/v2\/product"}],"about":[{"href":"https:\/\/nwold.test.decotec.lv\/ru\/wp-json\/wp\/v2\/types\/product"}],"wp:featuredmedia":[{"embeddable":true,"href":"https:\/\/nwold.test.decotec.lv\/ru\/wp-json\/wp\/v2\/media\/60641"}],"wp:attachment":[{"href":"https:\/\/nwold.test.decotec.lv\/ru\/wp-json\/wp\/v2\/media?parent=62299"}],"wp:term":[{"taxonomy":"product_cat","embeddable":true,"href":"https:\/\/nwold.test.decotec.lv\/ru\/wp-json\/wp\/v2\/product_cat?post=62299"},{"taxonomy":"product_tag","embeddable":true,"href":"https:\/\/nwold.test.decotec.lv\/ru\/wp-json\/wp\/v2\/product_tag?post=62299"}],"curies":[{"name":"wp","href":"https:\/\/api.w.org\/{rel}","templated":true}]}}