{"id":62328,"date":"2023-09-15T09:24:05","date_gmt":"2023-09-15T06:24:05","guid":{"rendered":"https:\/\/noblewine.lv\/catalog\/uncategorized\/toscana-igp-aellae-2018-rosso-magnum\/"},"modified":"2024-04-15T16:14:18","modified_gmt":"2024-04-15T13:14:18","slug":"toscana-igp-aellae-2018-rosso-magnum","status":"publish","type":"product","link":"https:\/\/nwold.test.decotec.lv\/ru\/catalog\/vino\/toscana-igp-aellae-2018-rosso-magnum\/","title":{"rendered":"Toscana IGP &#8220;\u00c6ll\u00e6&#8221; 2018 Rosso Magnum"},"content":{"rendered":"","protected":false},"excerpt":{"rendered":"<p>&#8220;Arom\u0101t\u0101 jau\u0161amas tum\u0161o aug\u013cu notis. Gar\u0161a ir eleganta, ar samtainiem tan\u012bniem, p\u0113cgar\u0161\u0101 j\u016btamas tabakas un vani\u013cas nianses.&#8221; \u2014 Ronalds P\u0113tersons, &#8220;Noble Wine&#8221; somelj\u0113<\/p>\n","protected":false},"featured_media":62326,"template":"","meta":[],"product_cat":[4114],"product_tag":[],"class_list":["post-62328","product","type-product","status-publish","has-post-thumbnail","hentry","product_cat-vino","pa_country-italy-ru","pa_region-toscana-ru","pa_tips-red-wine-ru","pa_varietal-cabernet-sauvignon-ru","pa_vendor-ormae-vinae-ru","pa_village-igt-ru"],"acf":[],"_links":{"self":[{"href":"https:\/\/nwold.test.decotec.lv\/ru\/wp-json\/wp\/v2\/product\/62328"}],"collection":[{"href":"https:\/\/nwold.test.decotec.lv\/ru\/wp-json\/wp\/v2\/product"}],"about":[{"href":"https:\/\/nwold.test.decotec.lv\/ru\/wp-json\/wp\/v2\/types\/product"}],"wp:featuredmedia":[{"embeddable":true,"href":"https:\/\/nwold.test.decotec.lv\/ru\/wp-json\/wp\/v2\/media\/62326"}],"wp:attachment":[{"href":"https:\/\/nwold.test.decotec.lv\/ru\/wp-json\/wp\/v2\/media?parent=62328"}],"wp:term":[{"taxonomy":"product_cat","embeddable":true,"href":"https:\/\/nwold.test.decotec.lv\/ru\/wp-json\/wp\/v2\/product_cat?post=62328"},{"taxonomy":"product_tag","embeddable":true,"href":"https:\/\/nwold.test.decotec.lv\/ru\/wp-json\/wp\/v2\/product_tag?post=62328"}],"curies":[{"name":"wp","href":"https:\/\/api.w.org\/{rel}","templated":true}]}}