{"id":62492,"date":"2023-10-10T12:53:04","date_gmt":"2023-10-10T09:53:04","guid":{"rendered":"https:\/\/noblewine.lv\/?post_type=product&#038;p=62492"},"modified":"2024-05-20T12:36:56","modified_gmt":"2024-05-20T09:36:56","slug":"saint-romain-clos-sous-le-chateau-monopole-2021-boh","status":"publish","type":"product","link":"https:\/\/nwold.test.decotec.lv\/ru\/catalog\/vino\/saint-romain-clos-sous-le-chateau-monopole-2021-boh\/","title":{"rendered":"Saint-Romain &#8220;Clos Sous Le Chateau Monopole&#8221; 2021 (BOH)"},"content":{"rendered":"","protected":false},"excerpt":{"rendered":"<p>&#8220;Arom\u0101t\u0101 j\u016btamas za\u013c\u0101 \u0101bola, ka\u013c\u0137a un citrusaug\u013cu notis. Gar\u0161\u0101 v\u012bns ir miner\u0101ls, ar persiku, \u0101bolu un lazdu riekstu not\u012bm. Tekst\u016bra e\u013c\u013caina.&#8221; \u2014 Ronalds P\u0113tersons, &#8220;Noble Wine&#8221; somelj\u0113<\/p>\n","protected":false},"featured_media":0,"template":"","meta":[],"product_cat":[4114],"product_tag":[],"class_list":["post-62492","product","type-product","status-publish","hentry","product_cat-vino","pa_region-burgundy-ru","pa_tips-beloe-vino","pa_varietal-chardonnay-ru","pa_vendor-domaine-borhmann-ru","pa_village-saint-romain"],"acf":[],"_links":{"self":[{"href":"https:\/\/nwold.test.decotec.lv\/ru\/wp-json\/wp\/v2\/product\/62492"}],"collection":[{"href":"https:\/\/nwold.test.decotec.lv\/ru\/wp-json\/wp\/v2\/product"}],"about":[{"href":"https:\/\/nwold.test.decotec.lv\/ru\/wp-json\/wp\/v2\/types\/product"}],"wp:attachment":[{"href":"https:\/\/nwold.test.decotec.lv\/ru\/wp-json\/wp\/v2\/media?parent=62492"}],"wp:term":[{"taxonomy":"product_cat","embeddable":true,"href":"https:\/\/nwold.test.decotec.lv\/ru\/wp-json\/wp\/v2\/product_cat?post=62492"},{"taxonomy":"product_tag","embeddable":true,"href":"https:\/\/nwold.test.decotec.lv\/ru\/wp-json\/wp\/v2\/product_tag?post=62492"}],"curies":[{"name":"wp","href":"https:\/\/api.w.org\/{rel}","templated":true}]}}