{"id":62563,"date":"2023-10-24T17:31:23","date_gmt":"2023-10-24T14:31:23","guid":{"rendered":"https:\/\/noblewine.lv\/?post_type=product&#038;p=62563"},"modified":"2024-05-13T14:45:19","modified_gmt":"2024-05-13T11:45:19","slug":"gevrey-chambertin-2018-rouge-demi-alb","status":"publish","type":"product","link":"https:\/\/nwold.test.decotec.lv\/ru\/catalog\/vino\/gevrey-chambertin-2018-rouge-demi-alb\/","title":{"rendered":"Gevrey-Chambertin 2018 Rouge Demi (ALB)"},"content":{"rendered":"","protected":false},"excerpt":{"rendered":"<p>&#8220;Arom\u0101t\u0101 j\u016btamas gatavu sarkano un tum\u0161o aug\u013cu, k\u0101 ar\u012b ozolkoka un saldo gar\u0161vielu nianses. Gar\u0161a kompleksa, struktur\u0113ta, ar aug\u013cu, muskusa un ka\u017eok\u0101das not\u012bm. Tan\u012bni ir z\u012bdani, bet p\u0113cgar\u0161a notur\u012bga.&#8221; \u2014 Ronalds P\u0113tersons, &#8220;Noble Wine&#8221; somelj\u0113<\/p>\n","protected":false},"featured_media":0,"template":"","meta":[],"product_cat":[4114],"product_tag":[],"class_list":["post-62563","product","type-product","status-publish","hentry","product_cat-vino","pa_region-burgundy-ru","pa_tips-red-wine-ru","pa_varietal-pinot-noir-ru","pa_vendor-maison-albert-bichot-ru","pa_village-gevrey-chambertin-ru"],"acf":[],"_links":{"self":[{"href":"https:\/\/nwold.test.decotec.lv\/ru\/wp-json\/wp\/v2\/product\/62563"}],"collection":[{"href":"https:\/\/nwold.test.decotec.lv\/ru\/wp-json\/wp\/v2\/product"}],"about":[{"href":"https:\/\/nwold.test.decotec.lv\/ru\/wp-json\/wp\/v2\/types\/product"}],"wp:attachment":[{"href":"https:\/\/nwold.test.decotec.lv\/ru\/wp-json\/wp\/v2\/media?parent=62563"}],"wp:term":[{"taxonomy":"product_cat","embeddable":true,"href":"https:\/\/nwold.test.decotec.lv\/ru\/wp-json\/wp\/v2\/product_cat?post=62563"},{"taxonomy":"product_tag","embeddable":true,"href":"https:\/\/nwold.test.decotec.lv\/ru\/wp-json\/wp\/v2\/product_tag?post=62563"}],"curies":[{"name":"wp","href":"https:\/\/api.w.org\/{rel}","templated":true}]}}