{"id":62601,"date":"2023-10-27T14:50:16","date_gmt":"2023-10-27T11:50:16","guid":{"rendered":"https:\/\/noblewine.lv\/?post_type=product&#038;p=62601"},"modified":"2024-05-21T12:53:31","modified_gmt":"2024-05-21T09:53:31","slug":"santenay-1er-cru-beauregard-2022-blanc-rb","status":"publish","type":"product","link":"https:\/\/nwold.test.decotec.lv\/ru\/catalog\/vino\/santenay-1er-cru-beauregard-2022-blanc-rb\/","title":{"rendered":"Santenay 1er Cru &#8220;Beauregard&#8221; 2022 Blanc (RB)"},"content":{"rendered":"","protected":false},"excerpt":{"rendered":"<p>&#8220;Arom\u0101t\u0101 j\u016btamas citrusaug\u013cu, baltu ziedu un tost\u0113tas maizes notis. Gar\u0161a ir dz\u012bv\u012bga ar elegant\u0101m tropisko aug\u013cu un vani\u013cas not\u012bm. P\u0113cgar\u0161a ir ilga un apa\u013ca.&#8221;  \u2014 Ronalds P\u0113tersons, &#8220;Noble Wine&#8221; somelj\u0113<\/p>\n","protected":false},"featured_media":0,"template":"","meta":[],"product_cat":[4114],"product_tag":[3133],"class_list":["post-62601","product","type-product","status-publish","hentry","product_cat-vino","product_tag-biggest-saving-ru","pa_country-france-ru","pa_region-burgundy-ru","pa_tips-beloe-vino","pa_varietal-chardonnay-ru","pa_vendor-domaine-roger-belland-ru","pa_village-santenay-ru"],"acf":[],"_links":{"self":[{"href":"https:\/\/nwold.test.decotec.lv\/ru\/wp-json\/wp\/v2\/product\/62601"}],"collection":[{"href":"https:\/\/nwold.test.decotec.lv\/ru\/wp-json\/wp\/v2\/product"}],"about":[{"href":"https:\/\/nwold.test.decotec.lv\/ru\/wp-json\/wp\/v2\/types\/product"}],"wp:attachment":[{"href":"https:\/\/nwold.test.decotec.lv\/ru\/wp-json\/wp\/v2\/media?parent=62601"}],"wp:term":[{"taxonomy":"product_cat","embeddable":true,"href":"https:\/\/nwold.test.decotec.lv\/ru\/wp-json\/wp\/v2\/product_cat?post=62601"},{"taxonomy":"product_tag","embeddable":true,"href":"https:\/\/nwold.test.decotec.lv\/ru\/wp-json\/wp\/v2\/product_tag?post=62601"}],"curies":[{"name":"wp","href":"https:\/\/api.w.org\/{rel}","templated":true}]}}