{"id":62621,"date":"2023-10-31T09:08:45","date_gmt":"2023-10-31T07:08:45","guid":{"rendered":"https:\/\/noblewine.lv\/catalog\/uncategorized\/puligny-montrachet-2021\/"},"modified":"2024-05-24T22:56:27","modified_gmt":"2024-05-24T19:56:27","slug":"puligny-montrachet-2021","status":"publish","type":"product","link":"https:\/\/nwold.test.decotec.lv\/ru\/catalog\/vino\/puligny-montrachet-2021\/","title":{"rendered":"Puligny-Montrachet 2021"},"content":{"rendered":"","protected":false},"excerpt":{"rendered":"<p>&#8220;Komplekss arom\u0101ts ar citrusu, miner\u0101las, baltu ziedu un tost\u0113tas maizes not\u012bm. Gar\u0161a ir apa\u013ca, sul\u012bga, \u013coti labi sabalans\u0113ta ar maig\u0101m vani\u013cas not\u012bm. P\u0113cgar\u0161a ir notur\u012bga un apa\u013ca.&#8221; \u2014 Ronalds P\u0113tersons, &#8220;Noble Wine&#8221; somelj\u0113<\/p>\n","protected":false},"featured_media":62622,"template":"","meta":[],"product_cat":[4114],"product_tag":[],"class_list":["post-62621","product","type-product","status-publish","has-post-thumbnail","hentry","product_cat-vino","pa_country-france-ru","pa_region-burgundy-ru","pa_tips-beloe-vino","pa_varietal-chardonnay-ru","pa_vendor-domaine-arnaud-baillot-ru","pa_village-puligny-montrachet-ru"],"acf":[],"_links":{"self":[{"href":"https:\/\/nwold.test.decotec.lv\/ru\/wp-json\/wp\/v2\/product\/62621"}],"collection":[{"href":"https:\/\/nwold.test.decotec.lv\/ru\/wp-json\/wp\/v2\/product"}],"about":[{"href":"https:\/\/nwold.test.decotec.lv\/ru\/wp-json\/wp\/v2\/types\/product"}],"wp:featuredmedia":[{"embeddable":true,"href":"https:\/\/nwold.test.decotec.lv\/ru\/wp-json\/wp\/v2\/media\/62622"}],"wp:attachment":[{"href":"https:\/\/nwold.test.decotec.lv\/ru\/wp-json\/wp\/v2\/media?parent=62621"}],"wp:term":[{"taxonomy":"product_cat","embeddable":true,"href":"https:\/\/nwold.test.decotec.lv\/ru\/wp-json\/wp\/v2\/product_cat?post=62621"},{"taxonomy":"product_tag","embeddable":true,"href":"https:\/\/nwold.test.decotec.lv\/ru\/wp-json\/wp\/v2\/product_tag?post=62621"}],"curies":[{"name":"wp","href":"https:\/\/api.w.org\/{rel}","templated":true}]}}