{"id":62641,"date":"2023-10-31T14:08:59","date_gmt":"2023-10-31T12:08:59","guid":{"rendered":"https:\/\/noblewine.lv\/catalog\/uncategorized\/bourgogne-saint-vincent-2021-2\/"},"modified":"2024-05-21T22:25:12","modified_gmt":"2024-05-21T19:25:12","slug":"bourgogne-saint-vincent-2021-2","status":"publish","type":"product","link":"https:\/\/nwold.test.decotec.lv\/ru\/catalog\/vino\/bourgogne-saint-vincent-2021-2\/","title":{"rendered":"Bourgogne &#8220;Saint Vincent&#8221; 2021"},"content":{"rendered":"","protected":false},"excerpt":{"rendered":"<p>&#8220;Arom\u0101t\u0101 j\u016btamas balto ziedu, citrusu, negatava za\u013c\u0101 \u0101bola un mitra kr\u012bta notis. Gar\u0161\u0101 v\u012bns ir sauss, miner\u0101ls, sul\u012bgs, svaigumu ar izteiktu intensit\u0101ti un ilgu p\u0113cgar\u0161u.&#8221; \u2014 Ronalds P\u0113tersons, &#8220;Noble Wine&#8221; somelj\u0113<\/p>\n","protected":false},"featured_media":62099,"template":"","meta":[],"product_cat":[4114],"product_tag":[],"class_list":["post-62641","product","type-product","status-publish","has-post-thumbnail","hentry","product_cat-vino","pa_region-burgundy-ru","pa_tips-beloe-vino","pa_varietal-chardonnay-ru","pa_vendor-vincent-girardin-ru","pa_village-regional-ru"],"acf":[],"_links":{"self":[{"href":"https:\/\/nwold.test.decotec.lv\/ru\/wp-json\/wp\/v2\/product\/62641"}],"collection":[{"href":"https:\/\/nwold.test.decotec.lv\/ru\/wp-json\/wp\/v2\/product"}],"about":[{"href":"https:\/\/nwold.test.decotec.lv\/ru\/wp-json\/wp\/v2\/types\/product"}],"wp:featuredmedia":[{"embeddable":true,"href":"https:\/\/nwold.test.decotec.lv\/ru\/wp-json\/wp\/v2\/media\/62099"}],"wp:attachment":[{"href":"https:\/\/nwold.test.decotec.lv\/ru\/wp-json\/wp\/v2\/media?parent=62641"}],"wp:term":[{"taxonomy":"product_cat","embeddable":true,"href":"https:\/\/nwold.test.decotec.lv\/ru\/wp-json\/wp\/v2\/product_cat?post=62641"},{"taxonomy":"product_tag","embeddable":true,"href":"https:\/\/nwold.test.decotec.lv\/ru\/wp-json\/wp\/v2\/product_tag?post=62641"}],"curies":[{"name":"wp","href":"https:\/\/api.w.org\/{rel}","templated":true}]}}