{"id":62785,"date":"2023-10-24T16:31:29","date_gmt":"2023-10-24T13:31:29","guid":{"rendered":"https:\/\/noblewine.lv\/catalog\/uncategorized\/volnay-1er-cru-dom-du-pavillon-les-brouillards-2017\/"},"modified":"2024-05-21T12:53:28","modified_gmt":"2024-05-21T09:53:28","slug":"volnay-1er-cru-dom-du-pavillon-les-brouillards-2017","status":"publish","type":"product","link":"https:\/\/nwold.test.decotec.lv\/ru\/catalog\/vino\/volnay-1er-cru-dom-du-pavillon-les-brouillards-2017\/","title":{"rendered":"Volnay 1er Cru &#8220;Dom. Du Pavillon Les Brouillards&#8221; 2017"},"content":{"rendered":"","protected":false},"excerpt":{"rendered":"<p>&#8220;Arom\u0101t\u0101 j\u016btamas \u0137ir\u0161u un ave\u0146u notis, ar kan\u0113\u013ca un lakricas nians\u0113m fon\u0101. Gar\u0161\u0101 v\u012bns ir maigs, elegants, ar maigi z\u012bdainiem tan\u012bniem un kompleksu p\u0113cgar\u0161u.&#8221; \u2014 Ronalds P\u0113tersons, &#8220;Noble Wine&#8221; somelj\u0113<\/p>\n","protected":false},"featured_media":62786,"template":"","meta":[],"product_cat":[4114],"product_tag":[],"class_list":["post-62785","product","type-product","status-publish","has-post-thumbnail","hentry","product_cat-vino","pa_country-france-ru","pa_region-burgundy-ru","pa_varietal-pinot-noir-ru","pa_vendor-maison-albert-bichot-ru","pa_village-volnay-ru"],"acf":[],"_links":{"self":[{"href":"https:\/\/nwold.test.decotec.lv\/ru\/wp-json\/wp\/v2\/product\/62785"}],"collection":[{"href":"https:\/\/nwold.test.decotec.lv\/ru\/wp-json\/wp\/v2\/product"}],"about":[{"href":"https:\/\/nwold.test.decotec.lv\/ru\/wp-json\/wp\/v2\/types\/product"}],"wp:featuredmedia":[{"embeddable":true,"href":"https:\/\/nwold.test.decotec.lv\/ru\/wp-json\/wp\/v2\/media\/62786"}],"wp:attachment":[{"href":"https:\/\/nwold.test.decotec.lv\/ru\/wp-json\/wp\/v2\/media?parent=62785"}],"wp:term":[{"taxonomy":"product_cat","embeddable":true,"href":"https:\/\/nwold.test.decotec.lv\/ru\/wp-json\/wp\/v2\/product_cat?post=62785"},{"taxonomy":"product_tag","embeddable":true,"href":"https:\/\/nwold.test.decotec.lv\/ru\/wp-json\/wp\/v2\/product_tag?post=62785"}],"curies":[{"name":"wp","href":"https:\/\/api.w.org\/{rel}","templated":true}]}}